{"id":7652,"date":"2016-01-07T11:55:51","date_gmt":"2016-01-07T19:55:51","guid":{"rendered":"http:\/\/toolkit.capta.org\/es\/programs\/family-engagement\/your-voice-matters\/"},"modified":"2016-02-04T09:18:19","modified_gmt":"2016-02-04T17:18:19","slug":"your-voice-matters","status":"publish","type":"page","link":"https:\/\/toolkit.capta.org\/es\/programs\/family-engagement\/your-voice-matters\/","title":{"rendered":"Su voz es importante"},"content":{"rendered":"<p>Como padre, usted quiz\u00e1s no se da cuenta que con frecuencia usted es un eficaz defensor de su hijo.<\/p>\n<p>Cada vez que defiende a su hijo o busca formas de c\u00f3mo mejorar su experiencia escolar, usted est\u00e1 actuando como abogado al defender y afectar el proceso de las decisiones que se toman.<\/p>\n<p>Trabajar con otros en su comunidad escolar para identificar y resolver alg\u00fan problema como padre usted estar\u00e1 m\u00e1s respaldado. Tambi\u00e9n, ayuda a garantizar que todos los estudiantes reciban un trato justo y que tengan acceso a las oportunidades de aprendizaje para que puedan prosperar en y despu\u00e9s de la escuela.<\/p>\n<p>Para empezar, trabajar juntos para:<\/p>\n<ul>\n<li>Dar investigaci\u00f3n a ciertos asuntos y compartir la informaci\u00f3n con su comunidad escolar<\/li>\n<li>Formular preguntas para el debate en las reuniones de la escuela o de la comunidad<\/li>\n<li>Participar en las soluciones, proponiendo posibles soluciones a los problemas<\/li>\n<li>Dar informaci\u00f3n sobre el progreso de alg\u00fan asunto pendiente<\/li>\n<li>Formar y capacitar a otros padres en c\u00f3mo compartir sus historias como defensores eficaces.<\/li>\n<\/ul>\n<p>Con un plan bien ejecutado y con un mensaje fuerte y estrategias eficaces de comunicaci\u00f3n y difusi\u00f3n, los padres pueden hacer la diferencia como defensores para mejorar la educaci\u00f3n, la salud y el bienestar de todos los ni\u00f1os.<\/p>\n<div class=\"spotlightbox\">\n<p><strong>Tomar Acci\u00f3n: <\/strong>Vea c\u00f3mo desarrollar e implementar un plan de acci\u00f3n y para evaluar alg\u00fan asunto en nuestra p\u00e1gina web: <a href=\"http:\/\/www.capta.org\">capta.org<\/a><\/p>\n<\/div>\n","protected":false},"excerpt":{"rendered":"<p>Como padre, usted quiz\u00e1s no se da cuenta que con frecuencia usted es un eficaz defensor de su hijo. Cada vez que defiende a su hijo o busca formas de c\u00f3mo mejorar su experiencia escolar, usted est\u00e1 actuando como abogado al defender y afectar el proceso de las decisiones que se toman. Trabajar con otros [&hellip;]<\/p>\n","protected":false},"author":8,"featured_media":0,"parent":3994,"menu_order":0,"comment_status":"closed","ping_status":"closed","template":"","meta":{"footnotes":""},"class_list":["post-7652","page","type-page","status-publish","hentry","entry"],"_links":{"self":[{"href":"https:\/\/toolkit.capta.org\/es\/wp-json\/wp\/v2\/pages\/7652","targetHints":{"allow":["GET"]}}],"collection":[{"href":"https:\/\/toolkit.capta.org\/es\/wp-json\/wp\/v2\/pages"}],"about":[{"href":"https:\/\/toolkit.capta.org\/es\/wp-json\/wp\/v2\/types\/page"}],"author":[{"embeddable":true,"href":"https:\/\/toolkit.capta.org\/es\/wp-json\/wp\/v2\/users\/8"}],"replies":[{"embeddable":true,"href":"https:\/\/toolkit.capta.org\/es\/wp-json\/wp\/v2\/comments?post=7652"}],"version-history":[{"count":3,"href":"https:\/\/toolkit.capta.org\/es\/wp-json\/wp\/v2\/pages\/7652\/revisions"}],"predecessor-version":[{"id":7655,"href":"https:\/\/toolkit.capta.org\/es\/wp-json\/wp\/v2\/pages\/7652\/revisions\/7655"}],"up":[{"embeddable":true,"href":"https:\/\/toolkit.capta.org\/es\/wp-json\/wp\/v2\/pages\/3994"}],"wp:attachment":[{"href":"https:\/\/toolkit.capta.org\/es\/wp-json\/wp\/v2\/media?parent=7652"}],"curies":[{"name":"wp","href":"https:\/\/api.w.org\/{rel}","templated":true}]}}