{"id":7656,"date":"2016-01-07T11:57:02","date_gmt":"2016-01-07T19:57:02","guid":{"rendered":"http:\/\/toolkit.capta.org\/es\/programs\/family-engagement\/school-smarts-parent-engagement-program\/"},"modified":"2020-12-22T20:03:45","modified_gmt":"2020-12-23T04:03:45","slug":"school-smarts-parent-engagement-program","status":"publish","type":"page","link":"https:\/\/toolkit.capta.org\/es\/programs\/family-engagement\/school-smarts-parent-engagement-program\/","title":{"rendered":"School Smarts Programa de Participaci\u00f3n de Padres"},"content":{"rendered":"<p><strong>EL PODER DE SCHOOL SMARTS:<\/strong><\/p>\n<p>School Smarts es el programa insignia de la PTA del Estado de California para fomentar una verdadera participaci\u00f3n de los padres en la escuela. Capacita a los padres\/proveedores de cuidado sobre c\u00f3mo funciona el sistema escolar de California, c\u00f3mo abogar eficazmente por una educaci\u00f3n de calidad y c\u00f3mo hacer crecer las asociaciones entre la familia y la escuela para apoyar el \u00e9xito de los estudiantes y la mejora escolar.<\/p>\n<p>School Smarts se basa en d\u00e9cadas de investigaci\u00f3n que muestra c\u00f3mo y por qu\u00e9 es importante la participaci\u00f3n de los padres en la escuela. Cuando los padres\/proveedores de cuidado participan en la vida escolar de un ni\u00f1o, se marca una diferencia positiva en el rendimiento acad\u00e9mico, as\u00ed como en la actitud y el comportamiento de los estudiantes de todas las vecindades.<\/p>\n<p>Como indican los estudios, un entorno hogare\u00f1o que fomenta activamente el aprendizaje es un factor m\u00e1s importante para el rendimiento de los estudiantes que los ingresos, el nivel educativo o la cultura de los padres.<\/p>\n<p>Conectar a los padres\/proveedores de cuidado con el aprendizaje de sus hijos es m\u00e1s importante que nunca. Con la F\u00f3rmula de Control Local de Fondos (LCFF), la \u00abparticipaci\u00f3n de los padres\u00bb es una prioridad estatal para desarrollar y revisar el Plan de Control Local y Rendimiento de Cuentas (LCAP) de un distrito escolar. Esto significa que la voz de los padres es una parte esencial del proceso que determina c\u00f3mo se financian nuestras escuelas.<\/p>\n<p>La inclusi\u00f3n es el principio principal del programa. Como programa de pago por servicio, School Smarts est\u00e1 patrocinado por un distrito escolar o PTA y se ofrece a los padres\/proveedores de cuidado sin costo alguno. Cada sesi\u00f3n est\u00e1 centrada en la familia con cuidado de ni\u00f1os en el lugar. Y el plan de estudios est\u00e1 disponible en seis idiomas: \u00c1rabe, Chino, Ingl\u00e9s, Espa\u00f1ol, Tagalo y Vietnamita. Adem\u00e1s, el programa se puede presentar en persona o virtualmente para una comunidad escolar.<\/p>\n<p>School Smarts es una herramienta eficaz para que los distritos escolares implementen estrategias para participaci\u00f3n de los padres. El contenido del curso est\u00e1 dise\u00f1ado espec\u00edficamente para ayudar a los distritos con los requisitos estatales y federales sobre la participaci\u00f3n familiar y respaldar la implementaci\u00f3n del LCAP. Las opciones de financiamiento pueden incluir Fondos para la Participaci\u00f3n de los Padres de los Estudiantes, \u00a0Aprendices de Ingl\u00e9s en T\u00edtulo 1, \u00a0Fondos para la LCFF\/LCAP.<\/p>\n<p>Por lo general, el programa School Smarts se ofrece en casi 100 escuelas cada a\u00f1o en todo el estado. A medida que se grad\u00faan de School Smarts, miles de padres \/ cuidadores est\u00e1n capacitados como l\u00edderes comunitarios para defender a sus hijos y escuelas, independientemente de su c\u00f3digo postal.<\/p>\n<p><strong>Obtenga M\u00e1s Informaci\u00f3n<\/strong>: Para informarse m\u00e1s sobre c\u00f3mo ofrecer el programa School Smarts en su escuela en persona o virtual, comun\u00edquese con: schoolsmarts@capta.org<\/p>\n<p><strong>LA ACADEMIA DE SCHOOL SMARTS:<\/strong><\/p>\n<p>Como programa de participaci\u00f3n de padres, School Smarts est\u00e1 dise\u00f1ado para satisfacer las prioridades y necesidades de una comunidad escolar local. Y aunque cada academia consta de siete sesiones interactivas y con curr\u00edculo y los materiales del curso que son proporcionados por la PTA del Estado de California, un Equipo de Planificaci\u00f3n de School Smarts de padres, maestros y administradores de una escuela a menudo planifica, supervisa y dirige una Academia.<\/p>\n<p>Los participantes de la academia se re\u00fanen semanalmente con un facilitador, ya sea en persona o virtualmente, para explorar y aprender m\u00e1s sobre:<\/p>\n<ul>\n<li>Por qu\u00e9 la participaci\u00f3n de la familia en la escuela hace la diferencia<\/li>\n<li>C\u00f3mo navegar por el sistema educativo<\/li>\n<li>C\u00f3mo funciona su escuela y c\u00f3mo se toman las decisiones que afectan a su hijo<\/li>\n<li>Por qu\u00e9 es importante la participaci\u00f3n de los padres en el desarrollo y revisi\u00f3n del LCAP de un distrito<\/li>\n<li>Formas de comunicarse de manera eficaz con maestros y administradores<\/li>\n<li>C\u00f3mo abogar por una educaci\u00f3n de calidad<\/li>\n<li>Estrategias y consejos para apoyar el aprendizaje de los estudiantes en casa de manera m\u00e1s efectiva.<\/li>\n<\/ul>\n<p>Tambi\u00e9n se tratan temas como los Est\u00e1ndares Estatales B\u00e1sicos y Comunes, las evaluaciones, las pruebas y preparaci\u00f3n para ir a la universidad para informar y fortalecer las asociaciones<\/p>\n<p>Buscar formas de mejorar una comunidad escolar est\u00e1 integrado como unos de resultados de aprendizaje de School Smarts. El programa comienza con una Noche de Participaci\u00f3n de los Padres (PEN) para toda la comunidad escolar. Este evento en persona o virtual re\u00fane a padres y educadores establecer relaciones y la confianza. En el evento PEN, tambi\u00e9n se inicia una conversaci\u00f3n comunitaria sobre formas de como apoyar mejor el aprendizaje de los estudiantes y la mejora escolar en el campus.<\/p>\n<p>En la sesi\u00f3n final, los participantes de la Academia crean planes de acci\u00f3n grupales y personales para beneficiar a los estudiantes y la comunidad escolar. Los planes de acci\u00f3n a menudo se enfocan en formas efectivas para que los padres \/ cuidadores refuercen el aprendizaje en el aula, mejoren el clima escolar y mejoren la seguridad del campus.<\/p>\n<p>El impacto de School Smarts en una escuela es duradero. Como indican las encuestas posteriores a la Academia, los graduados se involucran m\u00e1s en los comit\u00e9s escolares y en las PTAs locales. El programa, School Smarts enriquece la vida de los ni\u00f1os, las familias y su comunidad.<\/p>\n<p><strong>Obtenga M\u00e1s Informaci\u00f3n:<\/strong> Revise el programa School Smarts en nuestro sitio web: capta.org\/schoolsmarts<\/p>\n<p><strong>ALCANCE DE LA PTA &#8211; FORMAS DE APOYAR UNA ACADEMIA DE SCHOOL SMARTS:<\/strong><\/p>\n<p>Como l\u00edder de la PTA, usted puede apoyar a una Academia local y a sus participantes en una variedad de formas. Recuerde coordinar sus esfuerzos con otros l\u00edderes locales a nivel de unidad, consejo y distrito.<\/p>\n<p>Para la Noche de Participaci\u00f3n de los Padres (PEN) y las Sesiones de la Academia, trabaje con el Equipo de Planificaci\u00f3n de School Smarts y el facilitador en el campus para conectar a School Smarts m\u00e1s de cerca a la red de su PTA al:<\/p>\n<p><strong>Involucrar a Su Comunidad<\/strong><\/p>\n<ul>\n<li><strong>Promover la Participaci\u00f3n<\/strong> &#8211; Utilice los canales de comunicaci\u00f3n de la PTA para invitar a familias de todos los vecindarios para que participen en School Smarts.<\/li>\n<li><strong>Fomentar la Informaci\u00f3n &#8211; <\/strong>Incluye un enlace a las publicaciones en las redes sociales de su PTA y al sitio web a la p\u00e1gina de inicio de School Smarts en el sitio web de la PTA estatal: www.capta.org<\/li>\n<li><strong>Dar la Bienvenida a los Participantes<\/strong> &#8211; Invitar a los padres\/proveedores a unirse a la PTA, participar en las actividades de la PTA y registrarse en oportunidades de voluntariado en la escuela.<\/li>\n<li><strong> Trabajar Juntos<\/strong> &#8211; Explorar las formas en que su PTA puede ayudar a completar los planes de acci\u00f3n de la Academia para mejorar el aprendizaje, la seguridad y el bienestar de los estudiantes en el campus.<\/li>\n<li><strong> Celebrar el \u00c9xito \u2013<\/strong> Presente a los graduados de School Smarts en las noticias electr\u00f3nicas, el sitio web o las redes sociales de su PTA.<\/li>\n<\/ul>\n<p><strong>Compartir los Recursos de su PTA<\/strong><\/p>\n<ul>\n<li><strong> Ofrecer Apoyo<\/strong> &#8211; Proporcionar informaci\u00f3n, oradores, int\u00e9rpretes y voluntarios seg\u00fan sea necesario y servir como un recurso clave sobre c\u00f3mo hacer crecer las asociaciones entre la familia y la escuela para el \u00e9xito de los estudiantes.<\/li>\n<li><strong> Promover la PTA<\/strong> &#8211; Para una academia en persona, tenga a la entrada una mesa con informaci\u00f3n de la PTA para mostrar sus actividades, oportunidades de voluntariado, beneficios de membres\u00eda y programas como el Programa de Arte Reflexiones.<\/li>\n<li><strong>Conectarse <\/strong>&#8211; Haga arreglos para que un miembro de la mesa directiva escolar hable sobre el impacto de su PTA en el campus para la \u00abSesi\u00f3n 4: Como Funciona Nuestra Escuela\u00bb y para ofrecer felicitaciones en la graduaci\u00f3n.<\/li>\n<li><strong> Practicar la Inclusi\u00f3n<\/strong> &#8211; Invite a los graduados del programa a que unas sus voces a los esfuerzos de defensa de la PTA y al desarrollo y revisi\u00f3n del Plan de Control Local y Rendimiento de Cuentas (LCAP) de su distrito escolar.<\/li>\n<li><strong> Fomentar el Liderazgo<\/strong> &#8211; Invitar y orientar a los graduados de School Smarts a que formen parte de un comit\u00e9 o junta de la PTA.<\/li>\n<\/ul>\n<div class=\"spotlightbox\">\n<p><strong>TOME ACCI\u00d3N:<\/strong> Visite el Programa de participaci\u00f3n de Padres de School Smarts en nuestro sitio web: <a href=\"https:\/\/capta.org\/programs-events\/school-smarts\/\">capta.org\/schoolsmarts<\/a>. Comun\u00edquese con nosotros a schoolsmarts@capta.org o 916.440.1985 para informarse c\u00f3mo participar y conectarse m\u00e1s con School Smarts.<\/p>\n<\/div>\n","protected":false},"excerpt":{"rendered":"<p>EL PODER DE SCHOOL SMARTS: School Smarts es el programa insignia de la PTA del Estado de California para fomentar una verdadera participaci\u00f3n de los padres en la escuela. Capacita a los padres\/proveedores de cuidado sobre c\u00f3mo funciona el sistema escolar de California, c\u00f3mo abogar eficazmente por una educaci\u00f3n de calidad y c\u00f3mo hacer crecer [&hellip;]<\/p>\n","protected":false},"author":8,"featured_media":0,"parent":3994,"menu_order":0,"comment_status":"closed","ping_status":"closed","template":"","meta":{"footnotes":""},"class_list":["post-7656","page","type-page","status-publish","hentry","entry"],"_links":{"self":[{"href":"https:\/\/toolkit.capta.org\/es\/wp-json\/wp\/v2\/pages\/7656","targetHints":{"allow":["GET"]}}],"collection":[{"href":"https:\/\/toolkit.capta.org\/es\/wp-json\/wp\/v2\/pages"}],"about":[{"href":"https:\/\/toolkit.capta.org\/es\/wp-json\/wp\/v2\/types\/page"}],"author":[{"embeddable":true,"href":"https:\/\/toolkit.capta.org\/es\/wp-json\/wp\/v2\/users\/8"}],"replies":[{"embeddable":true,"href":"https:\/\/toolkit.capta.org\/es\/wp-json\/wp\/v2\/comments?post=7656"}],"version-history":[{"count":3,"href":"https:\/\/toolkit.capta.org\/es\/wp-json\/wp\/v2\/pages\/7656\/revisions"}],"predecessor-version":[{"id":10596,"href":"https:\/\/toolkit.capta.org\/es\/wp-json\/wp\/v2\/pages\/7656\/revisions\/10596"}],"up":[{"embeddable":true,"href":"https:\/\/toolkit.capta.org\/es\/wp-json\/wp\/v2\/pages\/3994"}],"wp:attachment":[{"href":"https:\/\/toolkit.capta.org\/es\/wp-json\/wp\/v2\/media?parent=7656"}],"curies":[{"name":"wp","href":"https:\/\/api.w.org\/{rel}","templated":true}]}}