{"id":7660,"date":"2016-01-07T11:58:32","date_gmt":"2016-01-07T19:58:32","guid":{"rendered":"http:\/\/toolkit.capta.org\/es\/programs\/family-engagement\/helping-your-child-grow-and-learn\/"},"modified":"2016-02-04T14:45:34","modified_gmt":"2016-02-04T22:45:34","slug":"helping-your-child-grow-and-learn","status":"publish","type":"page","link":"https:\/\/toolkit.capta.org\/es\/programs\/family-engagement\/helping-your-child-grow-and-learn\/","title":{"rendered":"C\u00f3mo ayudar a su ni\u00f1o a crecer y aprender"},"content":{"rendered":"<p>Como primeros maestros de los ni\u00f1os, los padres hacen la diferencia en el \u00e9xito del estudiante en cada grado escolar.<\/p>\n<p>Facilitar sistemas de apoyo familiar que nutren el crecimiento f\u00edsico, emocional, intelectual y social saludable de los ni\u00f1os ayuda al ni\u00f1o a prosperar en cada etapa del desarrollo y desempe\u00f1arse bien desde el preescolar hasta la escuela preparatoria.<\/p>\n<h3><strong>C\u00f3mo tener un buen comienzo<\/strong><\/h3>\n<p>Las primeras experiencias de los ni\u00f1os forman su potencial para que tengan \u00e9xito en y despu\u00e9s de la escuela. Durante los tres primeros a\u00f1os de vida, el desarrollo del cerebro es especialmente r\u00e1pido con m\u00e1s de 700 conexiones neuronales formadas cada segundo. Esto significa que se aprende m\u00e1s y a un ritmo m\u00e1s r\u00e1pido que en cualquier otra etapa de la vida de los ni\u00f1os.<\/p>\n<p>Por eso, c\u00f3mo los padres, tutores y proveedores de cuidado tratan a los beb\u00e9s y ni\u00f1os peque\u00f1os tiene un impacto duradero en el desarrollo del ni\u00f1o y desempe\u00f1o en el futuro. Los elementos clave para garantizar en general, un crecimiento saludable incluye:<\/p>\n<p style=\"padding-left: 30px;\"><strong>Nutrici\u00f3n<\/strong> \u2013 Darle a los ni\u00f1os una dieta bien equilibrada con alimentos saludables afecta el desarrollo f\u00edsico y mental de los ni\u00f1os, fomenta buenos h\u00e1bitos de alimentaci\u00f3n y ayuda a prevenir y superar enfermedades<\/p>\n<p style=\"padding-left: 30px;\"><strong>Comunicaci\u00f3n<\/strong> \u2013 Conversar con los ni\u00f1os peque\u00f1os, hablarles, leerle y cantarles apoya su lenguaje, el desarrollo cognitivo y social y proporciona un ambiente rico en lenguaje<\/p>\n<p style=\"padding-left: 30px;\"><strong>Actividad<\/strong> \u2013 Jugar, el movimiento y la actividad f\u00edsica ayuda a desarrollar los m\u00fasculos de los ni\u00f1os, la densidad \u00f3sea y la coordinaci\u00f3n, fortalece los buenos patrones de comportamiento de ejercicio y promueve el bienestar f\u00edsico<\/p>\n<p style=\"padding-left: 30px;\"><strong>Evaluaci\u00f3n<\/strong> \u2013 Evaluar e intervenir a edad temprana a los ni\u00f1os peque\u00f1os puede ayudar a prevenir, a dar tratamiento o manejar muchos problemas de desarrollo<\/p>\n<p style=\"padding-left: 30px;\"><strong>Medio ambiente<\/strong> \u2013 Criar a los hijos en ambientes positivos, seguros y amorosos esto tiene un profundo impacto en su crecimiento y desarrollo emocional, f\u00edsico y social<\/p>\n<p>Cuando los beb\u00e9s y ni\u00f1os peque\u00f1os tienen fuertes lazos emocionales con los padres y proveedores de cuidado, la buena salud y el cuidado y experiencias positivas de aprendizaje a edad temprana, les sirve como una base duradera que les ayudara a desempe\u00f1arse bien dentro y fuera de la escuela.<\/p>\n<div class=\"spotlightbox\">\n<p><strong>Tomar acci\u00f3n:<\/strong> Para ver v\u00eddeos, podcasts e informaci\u00f3n sobre el aprendizaje a edad temprana, el comportamiento y el desarrollo, visite el sitio web <a href=\"http:\/\/www.zerotothree.org\/child-development\">Zero to Three<\/a><\/p>\n<\/div>\n<p>&nbsp;<\/p>\n<h3><strong>C\u00f3mo ayudarle a los ni\u00f1os a tener \u00e9xito<\/strong><\/h3>\n<p>El \u00e9xito en la escuela est\u00e1 fuertemente ligado a la autoestima y la auto-disciplina de los ni\u00f1os.<\/p>\n<p>Cuando los ni\u00f1os y adolescentes se sienten bien consigo mismos, desarrollan habilidades y competencias sociales para relacionarse bien con los dem\u00e1s, se comportan de manera m\u00e1s apropiada y est\u00e1n m\u00e1s conscientes del mundo que les rodea.<\/p>\n<p>Los estudios tambi\u00e9n demuestran que una alta autoestima es de gran ventaja para hacer decisiones durante toda la vida. Al proveer oportunidades cotidianas para sus ni\u00f1os y adolescentes ellos aprenden a tomar decisiones apropiadas a su edad, se desarrollan con m\u00e1s confianza y con un sentido de responsabilidad de sus propias acciones y decisiones.<\/p>\n<p>La autodisciplina es tan importante como la construcci\u00f3n de un bloque b\u00e1sico para el \u00e9xito de los estudiantes. Ayudar a los ni\u00f1os a entender el porqu\u00e9 y el autocontrol, la perseverancia, fortaleza y determinaci\u00f3n son importantes para mejor prepararles a estar listos para ir a la escuela y aprender.<\/p>\n<p>Como padre usted puede hacer lo siguiente para nutrir la autoestima y la auto-disciplina de los ni\u00f1os y adolescentes desde el preescolar hasta la escuela preparatoria:<\/p>\n<ul>\n<li>Mostrar y expresar lo importante que son para usted, y que los ama y los valora incondicionalmente<\/li>\n<li>Establecer l\u00edmites y reglas que son importantes para la calidad de vida de su familia<\/li>\n<li>Dar directrices con expectativas claras para ayudarles a cumplir con sus responsabilidades<\/li>\n<li>Escuchar y atender a sus necesidades y aspiraciones<\/li>\n<li>Prestar atenci\u00f3n y elogiar sus esfuerzos y habilidades de resoluci\u00f3n de problemas<\/li>\n<li>Pasar tiempo individual con ellos<\/li>\n<li>Crear un ambiente de honestidad, confianza y respeto mutuo.<\/li>\n<\/ul>\n<p>Fomentar una sana autoestima y auto-disciplina da a los ni\u00f1os y adolescentes un fuerte sentido de su poder, prop\u00f3sito, valor y promesa de hacer bien dentro y fuera de la escuela.<\/p>\n<div class=\"spotlightbox\">\n<p><strong>Tomar acci\u00f3n:<\/strong> Ver como los factores clave del desarrollo apoyan el aprendizaje y el crecimiento de los estudiantes en la p\u00e1gina web de <a href=\"http:\/\/www.search-institute.org\">Search Institute<\/a><\/p>\n<\/div>\n<p>&nbsp;<\/p>\n<h4><strong>C\u00f3mo navegar los a\u00f1os de la adolescencia<\/strong><\/h4>\n<p>La necesidad de los adolescentes de ser m\u00e1s independientes, hacerse valer por s\u00ed mismos y tomar riesgos es una parte normal y saludable de su desarrollo.<\/p>\n<p>Como los padres pueden confirmar, los adolescentes a menudo parecen tomar decisiones impulsivas sin pensar en las consecuencias. Sin embargo, los estudios muestran que este es un resultado natural de esta etapa de crecimiento ya que las partes del cerebro adolescente responsable del control de los impulsos se desarrollan completamente alrededor de los 25 a\u00f1os de edad.<\/p>\n<p>Al explorar sus propios l\u00edmites y capacidades, junto con los l\u00edmites que usted ha establecido como padre, es c\u00f3mo los adolescentes desarrollan su identidad y se convierten en su propia persona.<\/p>\n<p>Aqu\u00ed hay algunas formas eficaces para los padres de c\u00f3mo navegar los a\u00f1os de la adolescencia:<\/p>\n<p style=\"padding-left: 30px;\"><strong>Mantener la comunicaci\u00f3n <\/strong>\u2013 Mantener la comunicaci\u00f3n casual y bidireccional y desarrollar una relaci\u00f3n de apoyo que motive a su hijo a hablar abiertamente con usted<\/p>\n<p style=\"padding-left: 30px;\"><strong>Establecer reglas b\u00e1sicas de la familia <\/strong>\u2013 A menudo los adolescentes tienden estar contra de estas reglas, aprenda a ser flexible cuando est\u00e9 negociando nuevos l\u00edmites con ellos mientras maduran y demuestran que est\u00e1n listos para nuevas responsabilidades<\/p>\n<p style=\"padding-left: 30px;\"><strong>Mantenerse conectado<\/strong> \u2013 Saber d\u00f3nde y c\u00f3mo comunicarse uno con el otro por tel\u00e9fono, y con qui\u00e9n anda su hijo<\/p>\n<p style=\"padding-left: 30px;\"><strong>Reforzar valores <\/strong>\u2013 Hablar frecuentemente con su hijo sobre c\u00f3mo las decisiones, el comportamiento y las acciones reflejan los valores y el car\u00e1cter y como afectan a otros en su comunidad<\/p>\n<p style=\"padding-left: 30px;\"><strong>Prevenir los peligros<\/strong> \u2013 Ayudar a su hijo a aprender la forma de evaluar el peligro y de canalizar las tendencias de alto riegos a actividades m\u00e1s constructivas cargadas de adrenalina, como el practicar alg\u00fan deporte o actuar en el teatro o en otras artes creativas<\/p>\n<p style=\"padding-left: 30px;\"><strong>Dar el ejemplo<\/strong> \u2013 Sea un buen modelo para que ayude a guiar el comportamiento y las acciones de su hijo adolescente durante la etapa de crecimiento<\/p>\n<p style=\"padding-left: 30px;\"><strong>Estar disponible<\/strong> \u2013 Mu\u00e9strele y d\u00edgale a su adolescente lo mucho que su familia lo apoya, ama y lo importante que es \u00e9l\/ella para ellos<\/p>\n<p>Cuando los padres motivan a sus hijos adolescentes a ser m\u00e1s autosuficientes y los adolescentes tienen un fuerte apoyo familiar est\u00e1n en mejores condiciones para responder a las expectativas, retos y responsabilidades que enfrentar\u00e1n como j\u00f3venes adultos.<\/p>\n<div class=\"spotlightbox\">\n<p><strong>Tomar acci\u00f3n:<\/strong> Para m\u00e1s obtener consejos e informaci\u00f3n sobre el desarrollo y crecimiento de los adolescentes, visite el sitio web de <a href=\"http:\/\/www.kidshealth.org\">Kid\u2019s Health<\/a><\/p>\n<\/div>\n","protected":false},"excerpt":{"rendered":"<p>Como primeros maestros de los ni\u00f1os, los padres hacen la diferencia en el \u00e9xito del estudiante en cada grado escolar. Facilitar sistemas de apoyo familiar que nutren el crecimiento f\u00edsico, emocional, intelectual y social saludable de los ni\u00f1os ayuda al ni\u00f1o a prosperar en cada etapa del desarrollo y desempe\u00f1arse bien desde el preescolar hasta [&hellip;]<\/p>\n","protected":false},"author":8,"featured_media":0,"parent":3994,"menu_order":0,"comment_status":"closed","ping_status":"closed","template":"","meta":{"footnotes":""},"class_list":["post-7660","page","type-page","status-publish","hentry","entry"],"_links":{"self":[{"href":"https:\/\/toolkit.capta.org\/es\/wp-json\/wp\/v2\/pages\/7660","targetHints":{"allow":["GET"]}}],"collection":[{"href":"https:\/\/toolkit.capta.org\/es\/wp-json\/wp\/v2\/pages"}],"about":[{"href":"https:\/\/toolkit.capta.org\/es\/wp-json\/wp\/v2\/types\/page"}],"author":[{"embeddable":true,"href":"https:\/\/toolkit.capta.org\/es\/wp-json\/wp\/v2\/users\/8"}],"replies":[{"embeddable":true,"href":"https:\/\/toolkit.capta.org\/es\/wp-json\/wp\/v2\/comments?post=7660"}],"version-history":[{"count":3,"href":"https:\/\/toolkit.capta.org\/es\/wp-json\/wp\/v2\/pages\/7660\/revisions"}],"predecessor-version":[{"id":7731,"href":"https:\/\/toolkit.capta.org\/es\/wp-json\/wp\/v2\/pages\/7660\/revisions\/7731"}],"up":[{"embeddable":true,"href":"https:\/\/toolkit.capta.org\/es\/wp-json\/wp\/v2\/pages\/3994"}],"wp:attachment":[{"href":"https:\/\/toolkit.capta.org\/es\/wp-json\/wp\/v2\/media?parent=7660"}],"curies":[{"name":"wp","href":"https:\/\/api.w.org\/{rel}","templated":true}]}}