{"id":7671,"date":"2016-01-07T12:01:17","date_gmt":"2016-01-07T20:01:17","guid":{"rendered":"http:\/\/toolkit.capta.org\/es\/programs\/family-engagement\/student-learning\/"},"modified":"2016-02-04T09:54:09","modified_gmt":"2016-02-04T17:54:09","slug":"student-learning","status":"publish","type":"page","link":"https:\/\/toolkit.capta.org\/es\/programs\/family-engagement\/student-learning\/","title":{"rendered":"El aprendizaje de los estudiantes"},"content":{"rendered":"<p>Cada ni\u00f1o es \u00fanico y aprende de diferentes maneras. Saber m\u00e1s sobre c\u00f3mo un estudiante procesa la informaci\u00f3n apoya las actividades de aprendizaje en el hogar y en la escuela.<\/p>\n<p>D\u00e9cadas de investigaci\u00f3n indican que los estilos principales de aprendizaje de los estudiantes son los siguientes:<\/p>\n<p style=\"padding-left: 30px;\"><strong>Visuales <\/strong>\u2013 Re\u00fanen y recuerdan informaci\u00f3n al mirar, leer y ver<\/p>\n<p style=\"padding-left: 30px;\"><strong>Ling\u00fc\u00edsticos\/auditivos <\/strong>\u2013 aprenden bien al escuchar, hablar y discutir ideas<\/p>\n<p style=\"padding-left: 30px;\"><strong>Cin\u00e9tico-corporal\/tacto <\/strong>\u2013 Aprenden al hacer las cosas, y entienden el significado a trav\u00e9s del tacto, el movimiento y la interacci\u00f3n f\u00edsica<\/p>\n<p style=\"padding-left: 30px;\"><strong>L\u00f3gica-matem\u00e1tica <\/strong>\u2013Aprenden mejor a trav\u00e9s del an\u00e1lisis, organizando la informaci\u00f3n en partes y orden l\u00f3gica<\/p>\n<p style=\"padding-left: 30px;\"><strong>Proceso global<\/strong> \u2013 Aprenden asimilar informaci\u00f3n agrupando todo a una parte entera y enfoc\u00e1ndose en el panorama\/idea grande seg\u00fan los detalles disponibles<\/p>\n<p>Aunque la mayor\u00eda de los ni\u00f1os tienen un estilo preferido de aprendizaje, todos tienen una mezcla de estilos. Por esta raz\u00f3n, los maestros suelen utilizar un enfoque multi-sensorial en la clase.<\/p>\n<p>Por ejemplo, al aprender a leer un estudiante que no puede aprender las palabras o letras al mirarlas (aprendizaje visual) puede trazar la forma de las letras con el dedo (aprendizaje por tacto\/palpable).<\/p>\n<p>Debido a que la tarea escolar requiere en la mayor\u00eda del tiempo utilizar la lectura, los estudiantes no visuales necesitan depender de otros estilos y\/o m\u00e9todos de ense\u00f1anza.<\/p>\n<p>Si su ni\u00f1o aprende mejor al o\u00edr, tocar u otros sentidos y est\u00e1 teniendo dificultades en la clase, pida al maestro y a la escuela c\u00f3mo atender mejor las necesidades de su hijo. Proporcionar experiencias de aprendizaje en familia, tales como paseos a museos, clases de teatro o danza, o que escuche libros de audio para mejorar el aprendizaje.<\/p>\n<div class=\"spotlightbox\">\n<p><strong>Tomar acci\u00f3n:<\/strong> Para obtener consejos para padres sobre los estilos de aprendizaje, visite el sitio web de Educaci\u00f3n de la Familia en: <a href=\"http:\/\/www.familyeducation.com\">www.familyeducation.com<\/a><\/p>\n<\/div>\n","protected":false},"excerpt":{"rendered":"<p>Cada ni\u00f1o es \u00fanico y aprende de diferentes maneras. Saber m\u00e1s sobre c\u00f3mo un estudiante procesa la informaci\u00f3n apoya las actividades de aprendizaje en el hogar y en la escuela. D\u00e9cadas de investigaci\u00f3n indican que los estilos principales de aprendizaje de los estudiantes son los siguientes: Visuales \u2013 Re\u00fanen y recuerdan informaci\u00f3n al mirar, leer [&hellip;]<\/p>\n","protected":false},"author":8,"featured_media":0,"parent":3994,"menu_order":0,"comment_status":"closed","ping_status":"closed","template":"","meta":{"footnotes":""},"class_list":["post-7671","page","type-page","status-publish","hentry","entry"],"_links":{"self":[{"href":"https:\/\/toolkit.capta.org\/es\/wp-json\/wp\/v2\/pages\/7671","targetHints":{"allow":["GET"]}}],"collection":[{"href":"https:\/\/toolkit.capta.org\/es\/wp-json\/wp\/v2\/pages"}],"about":[{"href":"https:\/\/toolkit.capta.org\/es\/wp-json\/wp\/v2\/types\/page"}],"author":[{"embeddable":true,"href":"https:\/\/toolkit.capta.org\/es\/wp-json\/wp\/v2\/users\/8"}],"replies":[{"embeddable":true,"href":"https:\/\/toolkit.capta.org\/es\/wp-json\/wp\/v2\/comments?post=7671"}],"version-history":[{"count":3,"href":"https:\/\/toolkit.capta.org\/es\/wp-json\/wp\/v2\/pages\/7671\/revisions"}],"predecessor-version":[{"id":7674,"href":"https:\/\/toolkit.capta.org\/es\/wp-json\/wp\/v2\/pages\/7671\/revisions\/7674"}],"up":[{"embeddable":true,"href":"https:\/\/toolkit.capta.org\/es\/wp-json\/wp\/v2\/pages\/3994"}],"wp:attachment":[{"href":"https:\/\/toolkit.capta.org\/es\/wp-json\/wp\/v2\/media?parent=7671"}],"curies":[{"name":"wp","href":"https:\/\/api.w.org\/{rel}","templated":true}]}}