{"id":7678,"date":"2016-01-07T12:04:25","date_gmt":"2016-01-07T20:04:25","guid":{"rendered":"http:\/\/toolkit.capta.org\/es\/programs\/family-engagement\/classroom-learning\/"},"modified":"2016-02-04T09:58:55","modified_gmt":"2016-02-04T17:58:55","slug":"classroom-learning","status":"publish","type":"page","link":"https:\/\/toolkit.capta.org\/es\/programs\/family-engagement\/classroom-learning\/","title":{"rendered":"Aprendizaje en el aula escolar"},"content":{"rendered":"<p>La forma en que preparamos a los estudiantes de hoy para el mundo de ma\u00f1ana ha cambiado. Con la implementaci\u00f3n de los nuevos est\u00e1ndares para todos los estudiantes, conocidos como los Est\u00e1ndares Estatales Comunes (CCSS), el aprendizaje en la clase ser\u00e1 diferente para su hijo desde el preescolar hasta la escuela preparatoria.<\/p>\n<p>Los nuevos est\u00e1ndares contienen instrucci\u00f3n m\u00e1s amplia, mejor y relevante para su hijo y:<\/p>\n<ul>\n<li>Objetivos de aprendizaje claramente definidos para cada grado y nivel los cuales fortalecen lo que se va aprendiendo a\u00f1o tras a\u00f1o<\/li>\n<li>Un enfoque en el conocimiento y las habilidades clave, incluyendo la comunicaci\u00f3n, la colaboraci\u00f3n, el pensamiento cr\u00edtico y la creatividad.<\/li>\n<\/ul>\n<p>Estos est\u00e1ndares acad\u00e9micos son importantes porque ayudan a garantizar que todos los estudiantes, sin importar d\u00f3nde vivan, est\u00e9n preparados para el \u00e9xito universitario y la fuerza laboral. Tambi\u00e9n ayudan a establecer expectativas claras y consistentes para los estudiantes, padres y maestros, formar el conocimiento y habilidades de su hijo y ayuda a establecer metas altas para todos los estudiantes.<\/p>\n<div class=\"spotlightbox\">\n<p><strong>Tomar Acci\u00f3n:<\/strong> Inf\u00f3rmese cu\u00e1les son los Est\u00e1ndares Estatales Comunes para cada grado y nivel en la <em>Gu\u00eda para Padres para Fomentar el \u00c9xito Escolar<\/em> en nuestro sitio web: <a href=\"http:\/\/www.capta.org\">www.capta.org<\/a><\/p>\n<\/div>\n","protected":false},"excerpt":{"rendered":"<p>La forma en que preparamos a los estudiantes de hoy para el mundo de ma\u00f1ana ha cambiado. Con la implementaci\u00f3n de los nuevos est\u00e1ndares para todos los estudiantes, conocidos como los Est\u00e1ndares Estatales Comunes (CCSS), el aprendizaje en la clase ser\u00e1 diferente para su hijo desde el preescolar hasta la escuela preparatoria. Los nuevos est\u00e1ndares [&hellip;]<\/p>\n","protected":false},"author":8,"featured_media":0,"parent":3994,"menu_order":0,"comment_status":"closed","ping_status":"closed","template":"","meta":{"footnotes":""},"class_list":["post-7678","page","type-page","status-publish","hentry","entry"],"_links":{"self":[{"href":"https:\/\/toolkit.capta.org\/es\/wp-json\/wp\/v2\/pages\/7678","targetHints":{"allow":["GET"]}}],"collection":[{"href":"https:\/\/toolkit.capta.org\/es\/wp-json\/wp\/v2\/pages"}],"about":[{"href":"https:\/\/toolkit.capta.org\/es\/wp-json\/wp\/v2\/types\/page"}],"author":[{"embeddable":true,"href":"https:\/\/toolkit.capta.org\/es\/wp-json\/wp\/v2\/users\/8"}],"replies":[{"embeddable":true,"href":"https:\/\/toolkit.capta.org\/es\/wp-json\/wp\/v2\/comments?post=7678"}],"version-history":[{"count":2,"href":"https:\/\/toolkit.capta.org\/es\/wp-json\/wp\/v2\/pages\/7678\/revisions"}],"predecessor-version":[{"id":7680,"href":"https:\/\/toolkit.capta.org\/es\/wp-json\/wp\/v2\/pages\/7678\/revisions\/7680"}],"up":[{"embeddable":true,"href":"https:\/\/toolkit.capta.org\/es\/wp-json\/wp\/v2\/pages\/3994"}],"wp:attachment":[{"href":"https:\/\/toolkit.capta.org\/es\/wp-json\/wp\/v2\/media?parent=7678"}],"curies":[{"name":"wp","href":"https:\/\/api.w.org\/{rel}","templated":true}]}}