{"id":7692,"date":"2016-01-07T12:14:21","date_gmt":"2016-01-07T20:14:21","guid":{"rendered":"http:\/\/toolkit.capta.org\/es\/programs\/family-engagement\/college-and-career-planning\/"},"modified":"2016-02-04T11:26:18","modified_gmt":"2016-02-04T19:26:18","slug":"college-and-career-planning","status":"publish","type":"page","link":"https:\/\/toolkit.capta.org\/es\/programs\/family-engagement\/college-and-career-planning\/","title":{"rendered":"Preparaci\u00f3n universitaria y profesional"},"content":{"rendered":"<p>Nunca es demasiado pronto para que los estudiantes planeen y se preparen para el futuro y para la vida despu\u00e9s de la preparatoria. Los estudiantes pueden comenzar a explorar sus intereses, capacidades y posible carrera profesional y reunirse con los consejeros escolares, tan pronto y en la escuela secundaria. Tambi\u00e9n pueden obtener m\u00e1s informaci\u00f3n sobre qu\u00e9 programas y cursos hay disponible lo cuales les puede ayudar a alcanzar esas metas.<\/p>\n<p>Asistir a \u2018D\u00edas de Orientaci\u00f3n de Carrera Profesional\u2019 y a \u2018Noches de Informaci\u00f3n Universitaria\u2019 y buscar informaci\u00f3n en l\u00ednea tambi\u00e9n son buenas maneras de aprender m\u00e1s acerca de qu\u00e9 opciones universitarias y profesionales podr\u00edan ser buenas.<\/p>\n<p>Los estudiantes y sus familias deber\u00edan comenzar temprano a hacer preguntas y estar mejor informados acerca de:<\/p>\n<p style=\"padding-left: 30px;\"><strong>Requisitos de graduaci\u00f3n <\/strong>\u2013 Los requisitos m\u00ednimos para la graduaci\u00f3n de la escuela preparatoria son establecidos por la Legislatura de California. Pero los estudiantes tambi\u00e9n necesitan saber los requisitos de graduaci\u00f3n adoptados por sus distritos escolares locales. Con esta informaci\u00f3n, los estudiantes pueden planear mejor en cuales cursos deben inscribirse para graduarse.<\/p>\n<p style=\"padding-left: 30px;\"><strong>Educaci\u00f3n profesional y t\u00e9cnica <\/strong>\u2013 Hay oportunidades para que los estudiantes tomen clases de educaci\u00f3n y carrera t\u00e9cnica en la preparatoria. Estas clases suelen reforzar el curr\u00edculo acad\u00e9mico y preparar a los estudiantes a las opciones de post-graduaci\u00f3n, como el aprendizaje y la capacitaci\u00f3n formal de empleo.<\/p>\n<p style=\"padding-left: 30px;\"><strong>Aprendizaje vinculado <\/strong>\u2013 Algunas escuelas preparatorias ofrecen cursos de Aprendizaje Vinculado que requieren educaci\u00f3n acad\u00e9mica al igual que la t\u00e9cnica en conjunto con la experiencia del mundo real para los estudiantes. Esta forma de estudio permite a los estudiantes seguir carreras seg\u00fan lo requiere la industria en una serie de materias como la ingenier\u00eda, las artes y los medios de comunicaci\u00f3n, la biomedicina y la salud para conectar el aprendizaje con los intereses y aspiraciones profesionales de los estudiantes.<\/p>\n<p style=\"padding-left: 30px;\"><strong>Requisitos de ingreso a la universidad y ex\u00e1menes <\/strong>\u2013 Muchos colegios y universidades requieren que los estudiantes tomen un examen de ingreso como la Prueba SAT (Scholastic Aptitude Test) o la Prueba ACT (American College Testing Program), como parte del proceso de solicitud. Consulte con los consejeros escolares para obtener m\u00e1s informaci\u00f3n acerca de cu\u00e1les son los requisitos de ingreso y ex\u00e1menes para los colegios y universidades a las que los estudiantes est\u00e1n interesados en asistir. Es posible tomar las pruebas de ingreso a la universidad tan pronto y en el tercer a\u00f1o de la escuela preparatoria. Busque en l\u00ednea los sitios web de las universidades para obtener m\u00e1s informaci\u00f3n acerca de sus requisitos de admisi\u00f3n y el proceso de solicitud, incluyendo las fechas l\u00edmite de cu\u00e1ndo se tienen que enviar.<\/p>\n<p style=\"padding-left: 30px;\"><strong>Ayuda financiera y becas <\/strong>\u2013 Pude ser costoso ir a la universidad. Pero hay una serie de formas de c\u00f3mo los estudiantes pueden obtener ayuda financiera. Los estudiantes deben trabajar en estrecha colaboraci\u00f3n con los consejeros de la escuela preparatoria, as\u00ed como con las oficinas de ayuda financiera de la universidad para explorar todas las posibilidades de apoyo que hay para los estudiantes, tanto en colegios p\u00fablicos y privados.<\/p>\n<p>Planear con anticipaci\u00f3n para ir a la universidad y\/o para ejercer una carrera ayuda a los estudiantes a mantenerse enfocados en alcanzar sus sue\u00f1os. Los estudiantes pueden hacer una transici\u00f3n exitosa de la escuela preparatoria a la universidad y\/o a su carrera profesional si le piden ayuda a su familia y consejeros de la escuela.<\/p>\n<div class=\"spotlightbox\">\n<p><strong>Tomar acci\u00f3n:<\/strong> Para empezar la preparaci\u00f3n universitaria y\/o profesional visite las p\u00e1ginas web del Departamento de Educaci\u00f3n de EE.UU: <a href=\"http:\/\/www.studentaid.ed.gov\">www.studentaid.ed.gov<\/a> y <a href=\"http:\/\/www.icanaffordcollege.com\">www.icanaffordcollege.com<\/a><\/p>\n<\/div>\n","protected":false},"excerpt":{"rendered":"<p>Nunca es demasiado pronto para que los estudiantes planeen y se preparen para el futuro y para la vida despu\u00e9s de la preparatoria. Los estudiantes pueden comenzar a explorar sus intereses, capacidades y posible carrera profesional y reunirse con los consejeros escolares, tan pronto y en la escuela secundaria. Tambi\u00e9n pueden obtener m\u00e1s informaci\u00f3n sobre [&hellip;]<\/p>\n","protected":false},"author":8,"featured_media":0,"parent":3994,"menu_order":0,"comment_status":"closed","ping_status":"closed","template":"","meta":{"footnotes":""},"class_list":["post-7692","page","type-page","status-publish","hentry","entry"],"_links":{"self":[{"href":"https:\/\/toolkit.capta.org\/es\/wp-json\/wp\/v2\/pages\/7692","targetHints":{"allow":["GET"]}}],"collection":[{"href":"https:\/\/toolkit.capta.org\/es\/wp-json\/wp\/v2\/pages"}],"about":[{"href":"https:\/\/toolkit.capta.org\/es\/wp-json\/wp\/v2\/types\/page"}],"author":[{"embeddable":true,"href":"https:\/\/toolkit.capta.org\/es\/wp-json\/wp\/v2\/users\/8"}],"replies":[{"embeddable":true,"href":"https:\/\/toolkit.capta.org\/es\/wp-json\/wp\/v2\/comments?post=7692"}],"version-history":[{"count":2,"href":"https:\/\/toolkit.capta.org\/es\/wp-json\/wp\/v2\/pages\/7692\/revisions"}],"predecessor-version":[{"id":7694,"href":"https:\/\/toolkit.capta.org\/es\/wp-json\/wp\/v2\/pages\/7692\/revisions\/7694"}],"up":[{"embeddable":true,"href":"https:\/\/toolkit.capta.org\/es\/wp-json\/wp\/v2\/pages\/3994"}],"wp:attachment":[{"href":"https:\/\/toolkit.capta.org\/es\/wp-json\/wp\/v2\/media?parent=7692"}],"curies":[{"name":"wp","href":"https:\/\/api.w.org\/{rel}","templated":true}]}}