{"id":7695,"date":"2016-01-07T12:15:12","date_gmt":"2016-01-07T20:15:12","guid":{"rendered":"http:\/\/toolkit.capta.org\/es\/programs\/family-engagement\/how-to-support-student-learning-at-home\/"},"modified":"2016-02-04T11:29:28","modified_gmt":"2016-02-04T19:29:28","slug":"how-to-support-student-learning-at-home","status":"publish","type":"page","link":"https:\/\/toolkit.capta.org\/es\/programs\/family-engagement\/how-to-support-student-learning-at-home\/","title":{"rendered":"C\u00f3mo apoyar el aprendizaje del estudiante en el hogar"},"content":{"rendered":"<p>Los padres son los primeros maestros de los ni\u00f1os y el hogar es el primer sal\u00f3n de clases.<\/p>\n<p>Como recurso clave del aprendizaje y el desarrollo, los padres ayudan a dar forma al desarrollo social, emocional y f\u00edsico de los ni\u00f1os para que ellos puedan tener \u00e9xito dentro y fuera de la escuela.<\/p>\n<p>Se requiere que las familias, escuelas y comunidad trabajen juntos y en mutuo acuerdo para apoyar el \u00e9xito del estudiante, y esto significa que se comprometan a hacer algo para que esto sea posible<\/p>\n<h4><strong>10 consejos para los padres<\/strong><\/h4>\n<p>Como padre, usted puede reforzar en su casa esta importante colaboraci\u00f3n de entre la familia e escuela. Para ayudar a sus hijos a estar mejor preparados, orientarlos y para ampliar sus oportunidades de aprendizaje escolar usted puede hacer lo siguiente:<\/p>\n<ul>\n<li>Establecer una rutina diaria en familia, que incluya buenos h\u00e1bitos de alimentaci\u00f3n y de dormir<\/li>\n<li>Destinar un lugar en casa y horario para hacer la tarea escolar<\/li>\n<li>Revisar las tareas, deberes y proyectos<\/li>\n<li>Hablar todos los d\u00edas con su hijo\/a sobre sus actividades<\/li>\n<li>Promover la alfabetizaci\u00f3n, lea libros y tambi\u00e9n l\u00e9ale a su hijo\/a<\/li>\n<li>Limitar y supervisar el tiempo de que ven televisi\u00f3n, juegan, o pasan en las redes sociales y la computadora<\/li>\n<li>Expresarle a su hijo que tiene altas expectativas y est\u00e1ndares en su aprendizaje<\/li>\n<li>Asistir a las conferencias de padres y maestros, a los d\u00edas de recepci\u00f3n y eventos de regreso escolares<\/li>\n<li>Participar en las decisiones que afectan la educaci\u00f3n de su hijo<\/li>\n<li>Aprovechar de los recursos que hay en la comunidad y visitar las bibliotecas, museos, zool\u00f3gicos y teatros, y fomentar la participaci\u00f3n en los clubes de despu\u00e9s de la jornada escolar, deportes y actividades art\u00edsticas<\/li>\n<\/ul>\n<p>Contar con padres que est\u00e9n comprometidos en un factor clave para ayudar a los estudiantes y a las escuelas a tener \u00e9xito. Con familias, escuelas y comunidades que trabajan juntos como socios, el rendimiento acad\u00e9mico de los estudiantes es mejor y los ni\u00f1os est\u00e1n m\u00e1s preparados para llevar una vida feliz y productiva.<\/p>\n<h4><strong>Mantenerse conectado<\/strong><\/h4>\n<p>Con pre-adolescentes y adolescentes, estar conectado con el aprendizaje del estudiante es esencial. Sin embargo, los estudios muestran que la participaci\u00f3n de los padres en la escuela disminuye cuando los estudiantes pasan de la escuela primaria a la secundaria y preparatoria.<\/p>\n<p>Con esta transici\u00f3n a los grados superiores, los padres a menudo se enfrentan a nuevos desaf\u00edos, incluyendo descubrir formas de como apoyar mejor el \u00e9xito de los estudiantes en casa.<\/p>\n<p>Los padres pueden participar de muchas formas en la escuela secundaria y preparatoria. Revisar la tarea escolar, hablar m\u00e1s sobre las opciones universitarias y profesionales, asistir a jornadas de recepci\u00f3n escolares o ser voluntario en alg\u00fan de los clubes de la PTA su participaci\u00f3n como padre hace la diferencia.<\/p>\n<p>Al saber lo que est\u00e1 sucediendo en el aula y en la escuela, usted puede ayudar a su estudiante a enfocarse en las actividades de curso y de la escuela para asegurar que est\u00e1 preparado para ingresar a la universitaria y\/o ejercer una carrera profesional.<\/p>\n<div class=\"spotlightbox\">\n<p><strong>Tomar acci\u00f3n:<\/strong> Para obtener consejos para padres sobre c\u00f3mo apoyar el \u00e9xito del estudiante y para mantenerse conectado con la escuela secundaria y preparatoria, visite nuestro sitio web: <a href=\"http:\/\/www.capta.org\">www.capta.org<\/a><\/p>\n<\/div>\n","protected":false},"excerpt":{"rendered":"<p>Los padres son los primeros maestros de los ni\u00f1os y el hogar es el primer sal\u00f3n de clases. Como recurso clave del aprendizaje y el desarrollo, los padres ayudan a dar forma al desarrollo social, emocional y f\u00edsico de los ni\u00f1os para que ellos puedan tener \u00e9xito dentro y fuera de la escuela. Se requiere [&hellip;]<\/p>\n","protected":false},"author":8,"featured_media":0,"parent":3994,"menu_order":0,"comment_status":"closed","ping_status":"closed","template":"","meta":{"footnotes":""},"class_list":["post-7695","page","type-page","status-publish","hentry","entry"],"_links":{"self":[{"href":"https:\/\/toolkit.capta.org\/es\/wp-json\/wp\/v2\/pages\/7695","targetHints":{"allow":["GET"]}}],"collection":[{"href":"https:\/\/toolkit.capta.org\/es\/wp-json\/wp\/v2\/pages"}],"about":[{"href":"https:\/\/toolkit.capta.org\/es\/wp-json\/wp\/v2\/types\/page"}],"author":[{"embeddable":true,"href":"https:\/\/toolkit.capta.org\/es\/wp-json\/wp\/v2\/users\/8"}],"replies":[{"embeddable":true,"href":"https:\/\/toolkit.capta.org\/es\/wp-json\/wp\/v2\/comments?post=7695"}],"version-history":[{"count":2,"href":"https:\/\/toolkit.capta.org\/es\/wp-json\/wp\/v2\/pages\/7695\/revisions"}],"predecessor-version":[{"id":7697,"href":"https:\/\/toolkit.capta.org\/es\/wp-json\/wp\/v2\/pages\/7695\/revisions\/7697"}],"up":[{"embeddable":true,"href":"https:\/\/toolkit.capta.org\/es\/wp-json\/wp\/v2\/pages\/3994"}],"wp:attachment":[{"href":"https:\/\/toolkit.capta.org\/es\/wp-json\/wp\/v2\/media?parent=7695"}],"curies":[{"name":"wp","href":"https:\/\/api.w.org\/{rel}","templated":true}]}}