{"id":7698,"date":"2016-01-07T12:16:06","date_gmt":"2016-01-07T20:16:06","guid":{"rendered":"http:\/\/toolkit.capta.org\/es\/programs\/family-engagement\/boost-literacy-skills\/"},"modified":"2016-02-04T11:32:53","modified_gmt":"2016-02-04T19:32:53","slug":"boost-literacy-skills","status":"publish","type":"page","link":"https:\/\/toolkit.capta.org\/es\/programs\/family-engagement\/boost-literacy-skills\/","title":{"rendered":"C\u00f3mo mejorar las destrezas de alfabetizaci\u00f3n"},"content":{"rendered":"<p>El \u00e9xito escolar del estudiante depende en gran parte en la capacidad de leer y escribir bien y al nivel adecuado de cada grado escolar. Sin embargo, la l\u00ednea donde empiezan muchos ni\u00f1os es diferente, dependiendo de su c\u00f3digo postal. A los 3 a\u00f1os, hay una \u00abdiferencia de palabras\u00bb de 30 millones entre los ni\u00f1os cuyas familias tienen altos ingreso a los ni\u00f1os de las familias que no.<\/p>\n<p>Como indican los estudios, esta \u00abdiferencia de palabras\u00bb puede dar lugar a desigualdades no s\u00f3lo en el tama\u00f1o del vocabulario, sino tambi\u00e9n en la preparaci\u00f3n escolar. Incluso esto puede afectar el bienestar, la educaci\u00f3n y salud, los ingresos y estabilidad familiar d\u00e9cadas despu\u00e9s.<\/p>\n<p>Al hablarle, leerle y cantarles m\u00e1s a los ni\u00f1os, la \u00abdiferencia de palabras\u00bb disminuye y hay mejor posibilidades de que tengan \u00e9xito en y despu\u00e9s de la escuela.<\/p>\n<h4><strong>4 consejos para los padres<\/strong><\/h4>\n<p>Usted puede ayudarle a su hijo a tener un buen comienzo para fortalecer sus habilidades de pre-alfabetizaci\u00f3n para la preparaci\u00f3n escolar. Ya sea en casa, en un paseo o al hacer mandados, ay\u00fadele a \u00e9l o a ella desde la edad temprana a convertirse en un lector exitoso al:<\/p>\n<ul>\n<li>Jugar juegos de nombres simples y preguntar \u00ab\u00bfqu\u00e9 es esto?\u00bb<\/li>\n<li>Marcar las cosas en el hogar con su nombre, como una puerta o una taza y leer las etiquetas juntos<\/li>\n<li>Mostrarle los ingredientes de la comida mientras cocina y repetir los nombres juntos<\/li>\n<li>Leer en voz alta las palabras de los r\u00f3tulos y en las tiendas.<\/li>\n<\/ul>\n<p><strong>Tomar acci\u00f3n:<\/strong> Para hacer actividades pr\u00e1cticas de alfabetizaci\u00f3n familiar, descargar el calendario, <em>30 D\u00edas Aprendiendo Juntos en Familias<\/em>, del Centro Nacional de Aprendizaje para la Familia, en Ingl\u00e9s o en Espa\u00f1ol, en: <a href=\"http:\/\/30days.familieslearning.org\">http:\/\/30days.familieslearning.org<\/a><\/p>\n","protected":false},"excerpt":{"rendered":"<p>El \u00e9xito escolar del estudiante depende en gran parte en la capacidad de leer y escribir bien y al nivel adecuado de cada grado escolar. Sin embargo, la l\u00ednea donde empiezan muchos ni\u00f1os es diferente, dependiendo de su c\u00f3digo postal. A los 3 a\u00f1os, hay una \u00abdiferencia de palabras\u00bb de 30 millones entre los ni\u00f1os [&hellip;]<\/p>\n","protected":false},"author":8,"featured_media":0,"parent":3994,"menu_order":0,"comment_status":"closed","ping_status":"closed","template":"","meta":{"footnotes":""},"class_list":["post-7698","page","type-page","status-publish","hentry","entry"],"_links":{"self":[{"href":"https:\/\/toolkit.capta.org\/es\/wp-json\/wp\/v2\/pages\/7698","targetHints":{"allow":["GET"]}}],"collection":[{"href":"https:\/\/toolkit.capta.org\/es\/wp-json\/wp\/v2\/pages"}],"about":[{"href":"https:\/\/toolkit.capta.org\/es\/wp-json\/wp\/v2\/types\/page"}],"author":[{"embeddable":true,"href":"https:\/\/toolkit.capta.org\/es\/wp-json\/wp\/v2\/users\/8"}],"replies":[{"embeddable":true,"href":"https:\/\/toolkit.capta.org\/es\/wp-json\/wp\/v2\/comments?post=7698"}],"version-history":[{"count":3,"href":"https:\/\/toolkit.capta.org\/es\/wp-json\/wp\/v2\/pages\/7698\/revisions"}],"predecessor-version":[{"id":7702,"href":"https:\/\/toolkit.capta.org\/es\/wp-json\/wp\/v2\/pages\/7698\/revisions\/7702"}],"up":[{"embeddable":true,"href":"https:\/\/toolkit.capta.org\/es\/wp-json\/wp\/v2\/pages\/3994"}],"wp:attachment":[{"href":"https:\/\/toolkit.capta.org\/es\/wp-json\/wp\/v2\/media?parent=7698"}],"curies":[{"name":"wp","href":"https:\/\/api.w.org\/{rel}","templated":true}]}}