{"id":7708,"date":"2016-01-07T12:18:04","date_gmt":"2016-01-07T20:18:04","guid":{"rendered":"http:\/\/toolkit.capta.org\/es\/programs\/family-engagement\/make-steam-count\/"},"modified":"2016-02-04T11:57:09","modified_gmt":"2016-02-04T19:57:09","slug":"make-steam-count","status":"publish","type":"page","link":"https:\/\/toolkit.capta.org\/es\/programs\/family-engagement\/make-steam-count\/","title":{"rendered":"La importancia de STEAM"},"content":{"rendered":"<p>Hoy en d\u00eda, los sectores de empleo de m\u00e1s r\u00e1pido crecimiento est\u00e1n relacionados con la ciencia, la tecnolog\u00eda, la ingenier\u00eda, las artes y las matem\u00e1ticas (STEAM) y el 60 por ciento de las carreras universitarias requieren conocimiento en matem\u00e1ticas. En nuestro mundo rico en tecnolog\u00eda, el adquirir fuertes habilidades de STEAM es ahora m\u00e1s importante que nunca para la preparaci\u00f3n universitaria y profesional.<\/p>\n<p>En la escuela primaria, los estudiantes comienzan a desarrollar la confianza en su capacidad de trabajar y resolver problemas matem\u00e1ticos y de la ciencia. Tambi\u00e9n comienzan a aprender m\u00e1s acerca del trabajo de las artes visuales y esc\u00e9nicas y lo que son la tecnolog\u00eda y la ingenier\u00eda.<\/p>\n<p>Como indican los estudios, con el constante est\u00edmulo, el aprendizaje y la pr\u00e1ctica, los padres pueden ayudar a los ni\u00f1os a sobresalir en estas materias desde el preescolar hasta la universidad.<\/p>\n<h4><strong>5 consejos para los padres<\/strong><\/h4>\n<p><strong>Conectar a la vida real<\/strong> \u2013 Conecte las matem\u00e1ticas y las ciencias al mundo real en sus actividades diarias en familia. Cuando visite la tienda, el banco o restaurante, expl\u00edquele c\u00f3mo usar las matem\u00e1ticas en las facturas, talones de dep\u00f3sito bancario, men\u00fas o para dar propinas. En el parque o en la playa, observar la vida silvestre y plantas, deje que su ni\u00f1o dibuje lo que \u00e9l o ella ve y visitar el internet para obtener m\u00e1s informaci\u00f3n sobre lo que descubri\u00f3.<\/p>\n<p><strong>Jugar juegos<\/strong> \u2013 Dele a su hijo rompecabezas y juegos que implican como tomar decisiones o aplicar la estrategia para desarrollar habilidades de razonamiento. Los juegos de cartas como \u00abGo Fish\u00bb ense\u00f1an a los ni\u00f1os a contar, clasificar y utilizar la estrategia. Los juegos como Scrabble implican ortograf\u00eda y matem\u00e1ticas. Jugar juegos en el coche para adivinar la distancia o escuchar m\u00fasica, libros de audio y podcasts ayudan a desarrollar las habilidades de STEAM.<\/p>\n<p><strong>Fomentar la curiosidad<\/strong> \u2013 Rente libros de ciencia, tecnolog\u00eda, arte y matem\u00e1ticas y materiales de la biblioteca y explore estas materias en l\u00ednea. Visite los museos de ciencias, parques zool\u00f3gicos, acuarios, teatros y parques estatales para descubrir qu\u00e9 es lo que excita e interesa a su hijo. Platique con los maestros sobre los estudios de su hijo para buscar maneras de c\u00f3mo reforzar las destrezas de STEAM en casa.<\/p>\n<p><strong>Apoyar la exploraci\u00f3n<\/strong> \u2013 Ense\u00f1ar a los ni\u00f1os c\u00f3mo buscar informaci\u00f3n y alentarlos a resolver los problemas de ciencias y matem\u00e1ticas por su cuenta. Cuando el ni\u00f1o este tratando de resolver un problema, hacer preguntas \u00fatiles y dejar que \u00e9l\/ella se tome tiempo para informarse c\u00f3mo hacerlo. El aprender a buscar su soluci\u00f3n y resolver el problema les ayuda a desarrollar el pensamiento anal\u00edtico.<\/p>\n<p><strong>Promover diferente horizontes<\/strong> \u2013 Aun que los ni\u00f1os peque\u00f1os quieren ser m\u00e9dicos o bomberos, ampli\u00e9 su conocimiento a otras carreras interesantes. Por ejemplo, pilotos, mec\u00e1nicos, ingenieros de software, guardabosques, desarrolladores de videojuegos y bi\u00f3logos, todos estos son trabajos que requieren destrezas en STEAM. Ver el internet juntos para explorar la gran variedad de opciones de carreras profesionales que hay disponibles en base a las destrezas de STEAM.<\/p>\n<p>Hacer que STEAM sea parte cotidiana del aprendizaje de la vida familiar promueve el \u00e9xito estudiantil. P\u00eddale a su PTA o escuela que patrocinen actividades como un D\u00eda de Carrera Profesional, Feria de Ciencias, Competencia de Matem\u00e1ticas, Festivales de Arte y Clubes de Rob\u00f3tica. De esta manera, los estudiantes aprender\u00e1n m\u00e1s sobre STEAM y el c\u00f3mo sus intereses se pueden conectar con las metas profesionales a estos campos profesionales.<\/p>\n<div class=\"spotlightbox\">\n<p><strong>Tomar acci\u00f3n:<\/strong> Vea las divertidas y pr\u00e1cticas actividades de STEM que usted puede hacer en casa en el sitio web de <a href=\"http:\/\/www.pbskids.org\">PBS<\/a><\/p>\n<\/div>\n","protected":false},"excerpt":{"rendered":"<p>Hoy en d\u00eda, los sectores de empleo de m\u00e1s r\u00e1pido crecimiento est\u00e1n relacionados con la ciencia, la tecnolog\u00eda, la ingenier\u00eda, las artes y las matem\u00e1ticas (STEAM) y el 60 por ciento de las carreras universitarias requieren conocimiento en matem\u00e1ticas. En nuestro mundo rico en tecnolog\u00eda, el adquirir fuertes habilidades de STEAM es ahora m\u00e1s importante [&hellip;]<\/p>\n","protected":false},"author":8,"featured_media":0,"parent":3994,"menu_order":0,"comment_status":"closed","ping_status":"closed","template":"","meta":{"footnotes":""},"class_list":["post-7708","page","type-page","status-publish","hentry","entry"],"_links":{"self":[{"href":"https:\/\/toolkit.capta.org\/es\/wp-json\/wp\/v2\/pages\/7708","targetHints":{"allow":["GET"]}}],"collection":[{"href":"https:\/\/toolkit.capta.org\/es\/wp-json\/wp\/v2\/pages"}],"about":[{"href":"https:\/\/toolkit.capta.org\/es\/wp-json\/wp\/v2\/types\/page"}],"author":[{"embeddable":true,"href":"https:\/\/toolkit.capta.org\/es\/wp-json\/wp\/v2\/users\/8"}],"replies":[{"embeddable":true,"href":"https:\/\/toolkit.capta.org\/es\/wp-json\/wp\/v2\/comments?post=7708"}],"version-history":[{"count":4,"href":"https:\/\/toolkit.capta.org\/es\/wp-json\/wp\/v2\/pages\/7708\/revisions"}],"predecessor-version":[{"id":7713,"href":"https:\/\/toolkit.capta.org\/es\/wp-json\/wp\/v2\/pages\/7708\/revisions\/7713"}],"up":[{"embeddable":true,"href":"https:\/\/toolkit.capta.org\/es\/wp-json\/wp\/v2\/pages\/3994"}],"wp:attachment":[{"href":"https:\/\/toolkit.capta.org\/es\/wp-json\/wp\/v2\/media?parent=7708"}],"curies":[{"name":"wp","href":"https:\/\/api.w.org\/{rel}","templated":true}]}}