{"id":7720,"date":"2016-01-07T12:19:43","date_gmt":"2016-01-07T20:19:43","guid":{"rendered":"http:\/\/toolkit.capta.org\/es\/programs\/family-engagement\/summer-learning\/"},"modified":"2018-04-19T17:07:31","modified_gmt":"2018-04-20T00:07:31","slug":"summer-learning","status":"publish","type":"page","link":"https:\/\/toolkit.capta.org\/es\/programs\/family-engagement\/summer-learning\/","title":{"rendered":"Instrucci\u00f3n durante el verano"},"content":{"rendered":"<p>Todos los estudiantes necesitan oportunidades constantes para aprender y practicar habilidades esenciales, especialmente en el verano, para tener \u00e9xito en la escuela y en la vida. Sin embargo, cada a\u00f1o, hay un desgaste de cerebro. Durante las vacaciones de verano, la mayor\u00eda de los estudiantes pierden alrededor de dos meses de equivalencia de grado escolar en las habilidades la lectura y en el desempe\u00f1o de matem\u00e1ticas.<\/p>\n<p>Esta p\u00e9rdida de aprendizaje durante el verano afecta a la capacidad de los estudiantes de ampliar m\u00e1s lo que aprendieron en la escuela para alcanzar su potencial. Esto tambi\u00e9n contribuye a la brecha de logros entre los estudiantes de familias de bajos y altos ingresos.<\/p>\n<p>Como indica la investigaci\u00f3n, m\u00e1s de la mitad de esta diferencia es a causa acceso desigual a las oportunidades de aprendizaje durante el verano. Como resultado, los estudiantes de familias de bajos ingresos tienen menos probabilidades de graduarse de la escuela preparatoria o de ir a la universidad.<\/p>\n<p>Aumentar el acceso a oportunidades de educaci\u00f3n en la comunidad durante el verano es una forma eficaz de evitar la p\u00e9rdida de aprendizaje durante el verano. Al trabajar juntos, las escuelas, las organizaciones comunitarias y las familias pueden hacer que estas oportunidades de aprendizaje sean posibles en cualquier lugar\/momento para que todos los estudiantes puedan prosperar.<\/p>\n<div class=\"spotlightbox\">\n<p><strong>Tomar acci\u00f3n:<\/strong> Vea por qu\u00e9 es importante la instrucci\u00f3n durante el verano en el sitio web de <a href=\"http:\/\/www.summerlearning.org\">National Summer Learning Association<\/a> (Asociaci\u00f3n Nacional de Educaci\u00f3n durante el Verano)<\/p>\n<p>Vea los <em>Seis Signos de un Buen Programa de Instrucci\u00f3n durante el Verano<\/em> en el sitio web de <a href=\"http:\/\/www.summermatters.net\/six-elements-of-great-summer-learning\/\">Summer Matters<\/a><\/p>\n<\/div>\n<p>&nbsp;<\/p>\n<h4><strong>Consejos para padres<\/strong><\/h4>\n<p>Los meses de verano son un buen momento para que los padres y las familias se unan y de disfrutar de un momento agradable haciendo actividades de aprendizaje divertidas juntos. En casa, en la playa o en un viaje por carretera, usted puede buscar todos los d\u00edas la forma de c\u00f3mo apoyar el aprendizaje del estudiante:<\/p>\n<ul>\n<li><strong>EN EL INTERIOR<br \/>\nAlfabetizaci\u00f3n <\/strong>\u2013 Tomar tiempo todos los d\u00edas para leer y hablar con su hijo acerca de la historia que a \u00e9l o ella m\u00e1s le gusta. Hacer una marioneta de un personaje favorito y volver a narrar la historia<br \/>\n<strong>Matem\u00e1ticas <\/strong>\u2013 Preparar las comidas juntos utilizando cucharas y tazas para medir los ingredientes o b\u00e1sculas de cocina. P\u00eddale a los ni\u00f1os que le den de comer a los animales dom\u00e9sticos utilizando la taza de medir para dispensar la comida a los perros o gatos.<br \/>\n<strong>Arte <\/strong>\u2013 Mantener marcadores, l\u00e1pices, papel, pintura y otros suministros a la mano para las actividades de arte. Recoger materiales reciclados y ropa para hacer imitaciones, bailes u obras de teatro.<\/li>\n<\/ul>\n<ul>\n<li><strong>AL AIRE LIBRE<br \/>\nF\u00edsica <\/strong>\u2013 En la playa o en una caja de arena en el parque, compare la profundidad de las huellas grandes y peque\u00f1as, seg\u00fan la diferencias de peso.<br \/>\n<strong>Ciencia <\/strong>\u2013 Ir en una b\u00fasqueda del tesoro en un paseo o caminata para buscar e identificar cinco plantas, cinco animales y cinco p\u00e1jaros juntos. Recoja hojas ca\u00eddas para llevar a casa y hacer impresiones de hojas con pintura y papel.<br \/>\n<strong>Salud <\/strong>\u2013 Usar un pod\u00f3metro para contar los pasos a lo largo del d\u00eda, con el objetivo de dar 11,000 pasos diariamente (edades 6-17). Ayude a su hijo a elegir una actividad, como caminar, pasear en bicicleta jugar baloncesto y fomentar una hora de ejercicio todos los d\u00edas.<\/li>\n<\/ul>\n<ul>\n<li><strong>EN EL CAMINO\/VIAJE<br \/>\nAlfabetizaci\u00f3n\u00a0 <\/strong>\u2013 Jugar juegos de palabras en el coche como \u00abI Spy\u00bb para fortalecer las habilidades en el vocabulario, la observaci\u00f3n y la descripci\u00f3n.<br \/>\n<strong>Geograf\u00eda <\/strong>\u2013 Mantener una lista de placas de autom\u00f3viles seg\u00fan el estado y ver qui\u00e9n puede detectar la mayor\u00eda de los estados.<br \/>\n<strong>Matem\u00e1ticas <\/strong>\u2013 Durante el paseo a un museo, la playa o parque, p\u00eddale a su hijo que muestre el camino en el mapa. Estimar la distancia, y despu\u00e9s comprobar para ver si aserto bien su respuesta.<\/li>\n<\/ul>\n<p>Hacer tiempo para la diversi\u00f3n familiar, para las experiencias de aprendizaje y mantenerse activo durante el receso escolar para asegurar que los ni\u00f1os y adolescentes sigan desarrollando sus habilidades para el \u00e9xito dentro y fuera de la escuela.<\/p>\n<div class=\"spotlightbox\">\n<p><strong>Tomar acci\u00f3n:<\/strong> Para obtener ideas de c\u00f3mo hacer actividades de arte divertidas en casa, revise los recursos en nuestra p\u00e1gina Padres SMARTS Red de las Artes al: <a href=\"http:\/\/www.capta.org\">capta.org<\/a><\/p>\n<\/div>\n","protected":false},"excerpt":{"rendered":"<p>Todos los estudiantes necesitan oportunidades constantes para aprender y practicar habilidades esenciales, especialmente en el verano, para tener \u00e9xito en la escuela y en la vida. Sin embargo, cada a\u00f1o, hay un desgaste de cerebro. Durante las vacaciones de verano, la mayor\u00eda de los estudiantes pierden alrededor de dos meses de equivalencia de grado escolar [&hellip;]<\/p>\n","protected":false},"author":8,"featured_media":0,"parent":3994,"menu_order":0,"comment_status":"closed","ping_status":"closed","template":"","meta":{"footnotes":""},"class_list":["post-7720","page","type-page","status-publish","hentry","entry"],"_links":{"self":[{"href":"https:\/\/toolkit.capta.org\/es\/wp-json\/wp\/v2\/pages\/7720","targetHints":{"allow":["GET"]}}],"collection":[{"href":"https:\/\/toolkit.capta.org\/es\/wp-json\/wp\/v2\/pages"}],"about":[{"href":"https:\/\/toolkit.capta.org\/es\/wp-json\/wp\/v2\/types\/page"}],"author":[{"embeddable":true,"href":"https:\/\/toolkit.capta.org\/es\/wp-json\/wp\/v2\/users\/8"}],"replies":[{"embeddable":true,"href":"https:\/\/toolkit.capta.org\/es\/wp-json\/wp\/v2\/comments?post=7720"}],"version-history":[{"count":3,"href":"https:\/\/toolkit.capta.org\/es\/wp-json\/wp\/v2\/pages\/7720\/revisions"}],"predecessor-version":[{"id":9269,"href":"https:\/\/toolkit.capta.org\/es\/wp-json\/wp\/v2\/pages\/7720\/revisions\/9269"}],"up":[{"embeddable":true,"href":"https:\/\/toolkit.capta.org\/es\/wp-json\/wp\/v2\/pages\/3994"}],"wp:attachment":[{"href":"https:\/\/toolkit.capta.org\/es\/wp-json\/wp\/v2\/media?parent=7720"}],"curies":[{"name":"wp","href":"https:\/\/api.w.org\/{rel}","templated":true}]}}