{"id":7839,"date":"2016-05-26T08:27:46","date_gmt":"2016-05-26T15:27:46","guid":{"rendered":"http:\/\/toolkit.capta.org\/es\/running-your-pta\/communications\/social-media-guidelines-for-ptas-in-california\/"},"modified":"2016-05-31T11:27:08","modified_gmt":"2016-05-31T18:27:08","slug":"social-media-guidelines-for-ptas-in-california","status":"publish","type":"page","link":"https:\/\/toolkit.capta.org\/es\/running-your-pta\/communications\/social-media-guidelines-for-ptas-in-california\/","title":{"rendered":"Directrices para los Medios Sociales de las PTAs en California"},"content":{"rendered":"<p><strong><em>Las mejores pr\u00e1cticas y directrices no son inclusivas y los medios sociales y situaciones a menudo suelen cambiar.<\/em><\/strong><\/p>\n<p><strong>Directrices y Mejores Pr\u00e1cticas para los sitios de medios sociales de la PTA:<\/strong><\/p>\n<p><strong>Todas las publicaciones en los medios sociales de la PTA deben ser respetuosas, sinceras, discretas y responsables. Todas las publicaciones deben ser No comerciales, No sectarias, No partidistas de acuerdo con las pol\u00edticas de la PTA.<\/strong><\/p>\n<p><strong>Administraci\u00f3n de los sitios de Medios Sociales de la PTA:<\/strong><\/p>\n<ul>\n<li>Tener al menos dos administradores (sugerencia: Presidente y Presidente de Comunicaciones (o similar). A pesar de que el Presidente es responsable de la aprobaci\u00f3n de materiales, la PTA puede tener un plan de comunicaciones con el contenido pre-aprobado y directrices generales. El presidente puede designar a una persona\/personas de medios sociales a publicar en los sitios de la PTA.<\/li>\n<li>Algunos sitios (es decir: Facebook) permiten a los contribuyentes o a varios administradores, incluir a colaboradores especializados lo cual da mayor flexibilidad y se obtiene respuesta m\u00e1s r\u00e1pida. (por ejemplo, Presidente del Programa Reflexiones, Vicepresidente de Programas, Presidente de Recaudaci\u00f3n de Fondos). Las PTAs deben establecer directrices de antemano acerca de lo que cada uno de los contribuyentes puede y no debe publicar. Estos normalmente pueden publicar cosas en particular sobre su programa. Esto permite que los mensajes de la fuente sean r\u00e1pidos y precisos<\/li>\n<li>Aseg\u00farese de que todos los nombres de usuario y contrase\u00f1as est\u00e9n guardados en un lugar seguro y de que sean entregados a los oficiales del pr\u00f3ximo termino. Sugerir que los sitios se registren a correos electr\u00f3nicos gen\u00e9ricos de oficiales para que las cuentas se pueden pasar sin interrupci\u00f3n. (por ejemplo: <a href=\"mailto:sunshineptapresident@gmail.com\">sunshineptapresident@gmail.com<\/a> o <a href=\"mailto:president@sunshinepta.org\">president@sunshinepta.org<\/a>)<\/li>\n<\/ul>\n<p><strong>Contenido en los medios sociales de la PTA:<\/strong><\/p>\n<ul>\n<li>Las publicaciones deben ser de importancia y aprobados por la PTA. Cosas que se pueden publicar en los medios sociales son eventos, programas, becas, fechas l\u00edmite de la PTA y la escuela, informaci\u00f3n especial de una agencia aliada y cualquier otra informaci\u00f3n de inter\u00e9s para los miembros de la PTA.<\/li>\n<li>Es una buena idea publicar contenido de fuentes validas o citatorias de folletos de la PTA previamente aprobados, correos electr\u00f3nicos o contenido del sitio web para estar al d\u00eda para no abrumar mucho a sus oficiales. (Ver las directrices roja, amarilla, verde)<\/li>\n<\/ul>\n<p><strong>Otras publicaciones en los medios sociales de la PTA:<\/strong><\/p>\n<ul>\n<li>Sitios de Medios Sociales de la PTA (incluyendo sitios web) que se administran y son propiedad de la PTA y no de la escuela, no necesitan la aprobaci\u00f3n del director para poder publicar informaci\u00f3n. Tener una buena relaci\u00f3n de trabajo entre la PTA y el director de la escuela es mejor, por lo tanto cuando sea posible hay que coordinar con \u00e9l. Recuerde, cualquier material de la PTA que sea distribuido en la escuela o en el sitio web de la escuela necesita ser aprobado tanto por el presidente y como el director.<\/li>\n<li>Cada PTA local puede decidir si quiere permitir comentarios en sus sitios o si prefiere un sitio donde los usuarios solo puedan elegir. La ventaja de tener un sitio m\u00e1s interactivo es que le permite saber qu\u00e9 opina su comunidad; la desventaja es que si permite que hagan comentarios estos deber\u00e1n ser monitoreados. <strong>Si usted permite que se hagan comentarios o anuncios p\u00fablicos, alguien tendr\u00e1 que controlar el sitio y decidir lo que es apropiado<\/strong>. <strong>Comentarios inadecuados o fuera de tema deben ser borrados<\/strong>. La PTA puede decidir borrar cualquier comentario o publicaci\u00f3n que elija.<\/li>\n<li>Es buena idea establecer directrices y publicarlas en sus sitios porque si usted surge una instancia que sea necesario borrar alg\u00fan comentario y se le pregunta por qu\u00e9 lo hizo las personas sabr\u00e1n que no van de acuerdo con las directrices establecidas. Los sitios de medios sociales de su PTA son controlados por su asociaci\u00f3n local y no est\u00e1n obligados a publicar o mantener ning\u00fan art\u00edculo.<\/li>\n<\/ul>\n<p><strong>Directrices de Publicaci\u00f3n Sugeridas:<\/strong><\/p>\n<p>(Esto puede ser publicado en cualquier medio de comunicaci\u00f3n social, que utiliza su PTA y que permite que el p\u00fablico haga comentarios.)<\/p>\n<p><strong><em>Por favor, siga estas directrices al comentar en nuestro sitio:<\/em><\/strong><\/p>\n<p><strong><em>Todos sus comentarios tienen que ser relevantes al tema, respetuosos, honestos, discretos y responsables <\/em><\/strong><\/p>\n<ul>\n<li><strong><em>Sea relevante<br \/>\n<\/em><\/strong>Enf\u00f3quese en el tema.<\/li>\n<\/ul>\n<ul>\n<li><strong><em>Sea respetuoso<br \/>\n<\/em><\/strong>Mantener las cosas civilizadamente. Evitar el lenguaje abusivo u ofensivo, amenazas, incitaci\u00f3n al odio, difamaci\u00f3n e invitaci\u00f3n a la violencia. Y no hacer chistes sobre la desgracia\/desventajas de los dem\u00e1s.<\/li>\n<\/ul>\n<ul>\n<li><strong><em>Sea honesto<br \/>\n<\/em><\/strong>Use su nombre real. No debe publicar mensajes comerciales. No publicar material con derechos registrados que pertenecen a otra persona.<\/li>\n<\/ul>\n<ul>\n<li><strong><em>Sea discreto<br \/>\n<\/em><\/strong>No publicar n\u00fameros de tel\u00e9fono, direcciones u otra informaci\u00f3n personal sobre usted u otros.<\/li>\n<\/ul>\n<ul>\n<li><strong><em>Sea responsable<br \/>\n<\/em><\/strong>Piense en lo que va escribir antes de publicarlo. Los usuarios son los \u00fanicos responsables de lo que publican.<\/li>\n<\/ul>\n","protected":false},"excerpt":{"rendered":"<p>Las mejores pr\u00e1cticas y directrices no son inclusivas y los medios sociales y situaciones a menudo suelen cambiar. Directrices y Mejores Pr\u00e1cticas para los sitios de medios sociales de la PTA: Todas las publicaciones en los medios sociales de la PTA deben ser respetuosas, sinceras, discretas y responsables. Todas las publicaciones deben ser No comerciales, [&hellip;]<\/p>\n","protected":false},"author":8,"featured_media":0,"parent":4990,"menu_order":0,"comment_status":"closed","ping_status":"closed","template":"","meta":{"footnotes":""},"class_list":["post-7839","page","type-page","status-publish","hentry","entry"],"_links":{"self":[{"href":"https:\/\/toolkit.capta.org\/es\/wp-json\/wp\/v2\/pages\/7839","targetHints":{"allow":["GET"]}}],"collection":[{"href":"https:\/\/toolkit.capta.org\/es\/wp-json\/wp\/v2\/pages"}],"about":[{"href":"https:\/\/toolkit.capta.org\/es\/wp-json\/wp\/v2\/types\/page"}],"author":[{"embeddable":true,"href":"https:\/\/toolkit.capta.org\/es\/wp-json\/wp\/v2\/users\/8"}],"replies":[{"embeddable":true,"href":"https:\/\/toolkit.capta.org\/es\/wp-json\/wp\/v2\/comments?post=7839"}],"version-history":[{"count":3,"href":"https:\/\/toolkit.capta.org\/es\/wp-json\/wp\/v2\/pages\/7839\/revisions"}],"predecessor-version":[{"id":7842,"href":"https:\/\/toolkit.capta.org\/es\/wp-json\/wp\/v2\/pages\/7839\/revisions\/7842"}],"up":[{"embeddable":true,"href":"https:\/\/toolkit.capta.org\/es\/wp-json\/wp\/v2\/pages\/4990"}],"wp:attachment":[{"href":"https:\/\/toolkit.capta.org\/es\/wp-json\/wp\/v2\/media?parent=7839"}],"curies":[{"name":"wp","href":"https:\/\/api.w.org\/{rel}","templated":true}]}}