{"id":7844,"date":"2016-05-26T08:48:57","date_gmt":"2016-05-26T15:48:57","guid":{"rendered":"http:\/\/toolkit.capta.org\/es\/running-your-pta\/communications\/social-media-guidelines-for-pta-leaders-and-members-in-california\/"},"modified":"2016-10-17T16:48:02","modified_gmt":"2016-10-17T23:48:02","slug":"social-media-guidelines-for-pta-leaders-and-members-in-california","status":"publish","type":"page","link":"https:\/\/toolkit.capta.org\/es\/running-your-pta\/communications\/social-media-guidelines-for-pta-leaders-and-members-in-california\/","title":{"rendered":"Directrices de Medios Sociales para los l\u00edderes y miembros de la PTA en California"},"content":{"rendered":"<p>Cada PTA del distrito, consejo o unidad puede crear sus propias pol\u00edticas para los miembros que utilizan los medios sociales y se identifican a s\u00ed mismos como l\u00edderes o miembros de la PTA. <strong><em>La Pol\u00edtica de Medios Sociales de la PTA del Estado de California est\u00e1 incluida como ejemplo<\/em><\/strong>.<\/p>\n<p>La PTA de California utiliza los medios sociales e invita a los l\u00edderes de todos los niveles a participar en un intercambio informativo y productivo. Los aspectos de los medios sociales en la comunidad pueden beneficiar a las PTAs para estas lleguen a un nuevo p\u00fablico y para que obtengan la participaci\u00f3n de la audiencia actual. Sin embargo, el uso de las redes sociales conlleva ciertas responsabilidades. Para ayudar a los l\u00edderes y miembros a tomar decisiones responsables sobre el uso de los medios sociales, hemos establecido las siguientes directrices:<\/p>\n<p><strong>Directrices<\/strong><\/p>\n<p>Para nuestros fines, los medios de comunicaci\u00f3n social incluye todos los medios de comunicaci\u00f3n o publicaci\u00f3n de informaci\u00f3n o contenido de cualquier tipo en la Internet &#8211; si estos medios de comunicaci\u00f3n est\u00e1n o no asociados o afiliados a una PTA \u2013 ultimadamente usted es el \u00fanico responsable de lo que publica en l\u00ednea.<\/p>\n<p>Los l\u00edderes y los miembros pueden asociarse con la organizaci\u00f3n de diferentes maneras-expl\u00edcitamente &#8211; declarando en un perfil o en un sitio su t\u00edtulo\/cargo en la PTA o participaci\u00f3n y\/o impl\u00edcitamente, publicando fotos, tablas gr\u00e1ficas u otra informaci\u00f3n que los identifica como l\u00edder o miembro de la PTA.<\/p>\n<p>Usted habla por usted, pero sus acciones se reflejan en la organizaci\u00f3n. No se debe publicar informaci\u00f3n confidencial, hacer declaraciones acusatorias, o cualquier informaci\u00f3n difamatoria.<strong> Sea respetuoso, sincero, discreto y responsable, sin importar la configuraci\u00f3n de privacidad.<\/strong><\/p>\n<p>Considere lo siguiente:<\/p>\n<p>Si su imagen de perfil lo identifica como PTA, tenga en cuenta esto al publicar comentarios en otros sitios, tanto p\u00fablicos como privados. Recuerde que las pol\u00edticas de la PTA son No Comercial, No sectaria, No partidaria al publicar en sitios p\u00fablicos (es decir: los comentarios en peri\u00f3dicos, blogs p\u00fablicos, publicaciones comerciales y cualquier otro)<\/p>\n<p>La configuraci\u00f3n de privacidad no es garant\u00eda de privacidad. Los motores de b\u00fasqueda y otras tecnolog\u00edas hacen que sea imposible retirar algo una vez que se haya publicado. Las im\u00e1genes de pantalla, las cosas que se env\u00edan y otras tecnolog\u00edas pueden difundir mensajes r\u00e1pidamente afuera de su c\u00edrculo previsto de amigos o seguidores.<\/p>\n<p>Los errores suceden. Si los hace, pida disculpas.<\/p>\n","protected":false},"excerpt":{"rendered":"<p>Cada PTA del distrito, consejo o unidad puede crear sus propias pol\u00edticas para los miembros que utilizan los medios sociales y se identifican a s\u00ed mismos como l\u00edderes o miembros de la PTA. La Pol\u00edtica de Medios Sociales de la PTA del Estado de California est\u00e1 incluida como ejemplo. La PTA de California utiliza los [&hellip;]<\/p>\n","protected":false},"author":8,"featured_media":0,"parent":4990,"menu_order":0,"comment_status":"closed","ping_status":"closed","template":"","meta":{"footnotes":""},"class_list":["post-7844","page","type-page","status-publish","hentry","entry"],"_links":{"self":[{"href":"https:\/\/toolkit.capta.org\/es\/wp-json\/wp\/v2\/pages\/7844","targetHints":{"allow":["GET"]}}],"collection":[{"href":"https:\/\/toolkit.capta.org\/es\/wp-json\/wp\/v2\/pages"}],"about":[{"href":"https:\/\/toolkit.capta.org\/es\/wp-json\/wp\/v2\/types\/page"}],"author":[{"embeddable":true,"href":"https:\/\/toolkit.capta.org\/es\/wp-json\/wp\/v2\/users\/8"}],"replies":[{"embeddable":true,"href":"https:\/\/toolkit.capta.org\/es\/wp-json\/wp\/v2\/comments?post=7844"}],"version-history":[{"count":3,"href":"https:\/\/toolkit.capta.org\/es\/wp-json\/wp\/v2\/pages\/7844\/revisions"}],"predecessor-version":[{"id":8023,"href":"https:\/\/toolkit.capta.org\/es\/wp-json\/wp\/v2\/pages\/7844\/revisions\/8023"}],"up":[{"embeddable":true,"href":"https:\/\/toolkit.capta.org\/es\/wp-json\/wp\/v2\/pages\/4990"}],"wp:attachment":[{"href":"https:\/\/toolkit.capta.org\/es\/wp-json\/wp\/v2\/media?parent=7844"}],"curies":[{"name":"wp","href":"https:\/\/api.w.org\/{rel}","templated":true}]}}