{"id":9123,"date":"2017-11-01T09:36:06","date_gmt":"2017-11-01T16:36:06","guid":{"rendered":"http:\/\/toolkit.capta.org\/finance\/banking\/expenditures\/payment-via-electronic-funds-transferbank-bill-pay-services\/"},"modified":"2024-05-22T13:19:59","modified_gmt":"2024-05-22T20:19:59","slug":"payment-via-electronic-funds-transferbank-bill-pay-services","status":"publish","type":"page","link":"https:\/\/toolkit.capta.org\/es\/finance\/banking\/expenditures\/payment-via-electronic-funds-transferbank-bill-pay-services\/","title":{"rendered":"Pago v\u00eda transferencia de fondos electr\u00f3nicos\/Servicio de pago de facturas"},"content":{"rendered":"<p style=\"font-weight: 400;\">Los sistemas de pago en l\u00ednea (es decir, Transferencia Electr\u00f3nica de Fondos (EFT), Transferencia Automatizada (ACH), Servicios Bancarios de Pago de Facturas) son un m\u00e9todo aprobado para pagar gastos. Para pagos por transferencia electr\u00f3nica de fondos (EFT) y transferencia automatizada (ACH), es buena pr\u00e1ctica, aunque no obligatoria, tener una cuenta bancaria separada para restringir el acceso al Internet a la cuenta corriente general en las que estan las personas autorizadas a firmar cheques tal y como se enumeran en las actas.\u00a0El uso de esta cuenta debe limitarse a la colecci\u00f3n de pagos y a pagos de gastos en l\u00ednea. Se debe utilizar un Formulario de Autorizaci\u00f3n para Transferir Fondos Entre Cuentas de la cuenta de Internet a la cuenta general de cheques. Si utiliza el Servicio de Pago de Factura, se recomienda una cuenta separada. Todos los gastos deben ser registrados y anotados en el informe mensual del tesorero. Cualquier cuenta dedicada establecida requiere una revisi\u00f3n financiera por separado. Se debe completar un formulario de Autorizaci\u00f3n de Pago mediante EFT\/ACH\/Servicios Bancarios de Pago de Facturas firmado por dos personas autorizados a firmar cheques para todos los pagos por medio transferencia electr\u00f3nica de fondos\/Servicio bancario de pago de facturas.<\/p>\n<p style=\"font-weight: 400;\">Se recomienda la cobertura de seguro de responsabilidad cibern\u00e9tica para proteger contra posibles p\u00e9rdidas debido al uso de servicios de transferencia electr\u00f3nica de fondos\/transferencias automatizada\/servicios bancarios de pago de facturas.<\/p>\n","protected":false},"excerpt":{"rendered":"<p>Los sistemas de pago en l\u00ednea (es decir, Transferencia Electr\u00f3nica de Fondos (EFT), Transferencia Automatizada (ACH), Servicios Bancarios de Pago de Facturas) son un m\u00e9todo aprobado para pagar gastos. Para pagos por transferencia electr\u00f3nica de fondos (EFT) y transferencia automatizada (ACH), es buena pr\u00e1ctica, aunque no obligatoria, tener una cuenta bancaria separada para restringir el [&hellip;]<\/p>\n","protected":false},"author":8,"featured_media":0,"parent":3352,"menu_order":0,"comment_status":"closed","ping_status":"closed","template":"","meta":{"footnotes":""},"class_list":["post-9123","page","type-page","status-publish","hentry","entry"],"_links":{"self":[{"href":"https:\/\/toolkit.capta.org\/es\/wp-json\/wp\/v2\/pages\/9123","targetHints":{"allow":["GET"]}}],"collection":[{"href":"https:\/\/toolkit.capta.org\/es\/wp-json\/wp\/v2\/pages"}],"about":[{"href":"https:\/\/toolkit.capta.org\/es\/wp-json\/wp\/v2\/types\/page"}],"author":[{"embeddable":true,"href":"https:\/\/toolkit.capta.org\/es\/wp-json\/wp\/v2\/users\/8"}],"replies":[{"embeddable":true,"href":"https:\/\/toolkit.capta.org\/es\/wp-json\/wp\/v2\/comments?post=9123"}],"version-history":[{"count":4,"href":"https:\/\/toolkit.capta.org\/es\/wp-json\/wp\/v2\/pages\/9123\/revisions"}],"predecessor-version":[{"id":11259,"href":"https:\/\/toolkit.capta.org\/es\/wp-json\/wp\/v2\/pages\/9123\/revisions\/11259"}],"up":[{"embeddable":true,"href":"https:\/\/toolkit.capta.org\/es\/wp-json\/wp\/v2\/pages\/3352"}],"wp:attachment":[{"href":"https:\/\/toolkit.capta.org\/es\/wp-json\/wp\/v2\/media?parent=9123"}],"curies":[{"name":"wp","href":"https:\/\/api.w.org\/{rel}","templated":true}]}}