{"id":931,"date":"2013-10-17T10:42:02","date_gmt":"2013-10-17T17:42:02","guid":{"rendered":"http:\/\/toolkit.capta.dev\/?page_id=931"},"modified":"2018-12-12T11:14:15","modified_gmt":"2018-12-12T19:14:15","slug":"joining-pta","status":"publish","type":"page","link":"https:\/\/toolkit.capta.org\/es\/membership\/joining-pta\/","title":{"rendered":"Afiliaci\u00f3n a la PTA"},"content":{"rendered":"<p>La PTA de California es la organizaci\u00f3n de voluntarios m\u00e1s grande del estado dedicada a mejorar el bienestar de todos los ni\u00f1os y j\u00f3venes.<\/p>\n<p>Unirse a la PTA apoya los esfuerzos locales, estatales y nacionales para mejorar la educaci\u00f3n de los ni\u00f1os y las vidas de las familias. La membres\u00eda brinda a las personas la oportunidad de alzar sus voces junto a personas en todo el estado y la naci\u00f3n sobre temas que afectan a los ni\u00f1os, j\u00f3venes y familias.<\/p>\n<p>Unirse a la PTA ayuda a desarrollar habilidades de liderazgo, comunicaci\u00f3n y defensa. Ofrece a los miembros la oportunidad de participar en una relaci\u00f3n educativa con los administradores y maestros. Los miembros de la PTA son un valioso recurso comunitario para dar inicio y mantenimiento a proyectos en beneficio de los ni\u00f1os y j\u00f3venes.<\/p>\n","protected":false},"excerpt":{"rendered":"<p>La PTA de California es la organizaci\u00f3n de voluntarios m\u00e1s grande del estado dedicada a mejorar el bienestar de todos los ni\u00f1os y j\u00f3venes. Unirse a la PTA apoya los esfuerzos locales, estatales y nacionales para mejorar la educaci\u00f3n de los ni\u00f1os y las vidas de las familias. La membres\u00eda brinda a las personas la [&hellip;]<\/p>\n","protected":false},"author":8,"featured_media":0,"parent":3063,"menu_order":0,"comment_status":"closed","ping_status":"closed","template":"","meta":{"footnotes":""},"class_list":["post-931","page","type-page","status-publish","hentry","entry"],"_links":{"self":[{"href":"https:\/\/toolkit.capta.org\/es\/wp-json\/wp\/v2\/pages\/931","targetHints":{"allow":["GET"]}}],"collection":[{"href":"https:\/\/toolkit.capta.org\/es\/wp-json\/wp\/v2\/pages"}],"about":[{"href":"https:\/\/toolkit.capta.org\/es\/wp-json\/wp\/v2\/types\/page"}],"author":[{"embeddable":true,"href":"https:\/\/toolkit.capta.org\/es\/wp-json\/wp\/v2\/users\/8"}],"replies":[{"embeddable":true,"href":"https:\/\/toolkit.capta.org\/es\/wp-json\/wp\/v2\/comments?post=931"}],"version-history":[{"count":3,"href":"https:\/\/toolkit.capta.org\/es\/wp-json\/wp\/v2\/pages\/931\/revisions"}],"predecessor-version":[{"id":9631,"href":"https:\/\/toolkit.capta.org\/es\/wp-json\/wp\/v2\/pages\/931\/revisions\/9631"}],"up":[{"embeddable":true,"href":"https:\/\/toolkit.capta.org\/es\/wp-json\/wp\/v2\/pages\/3063"}],"wp:attachment":[{"href":"https:\/\/toolkit.capta.org\/es\/wp-json\/wp\/v2\/media?parent=931"}],"curies":[{"name":"wp","href":"https:\/\/api.w.org\/{rel}","templated":true}]}}