{"id":934,"date":"2013-10-17T16:06:52","date_gmt":"2013-10-17T23:06:52","guid":{"rendered":"http:\/\/toolkit.capta.dev\/?page_id=934"},"modified":"2024-06-27T16:20:13","modified_gmt":"2024-06-27T23:20:13","slug":"membership-promotion-tools","status":"publish","type":"page","link":"https:\/\/toolkit.capta.org\/es\/membership\/membership-promotion-tools\/","title":{"rendered":"Herramientas de promoci\u00f3n"},"content":{"rendered":"<p>El sitio web de la PTA del Estado de California, <a href=\"http:\/\/www.capta.org\/\" target=\"_blank\" rel=\"noopener\">capta.org<\/a>\u00a0contiene <a href=\"https:\/\/capta.org\/pta-leaders\/run-your-pta\/building-membership\/\" target=\"_blank\" rel=\"noopener\">recursos<\/a> de afiliaci\u00f3n y herramientas de promoci\u00f3n. Tambi\u00e9n en nuestro sitio web hay una lista de premios, programas de incentivos de membres\u00eda y de los <a href=\"https:\/\/capta.org\/join\/member-perks\/\" target=\"_blank\" rel=\"noopener\">beneficios<\/a> actuales para los miembros.<\/p>\n","protected":false},"excerpt":{"rendered":"<p>El sitio web de la PTA del Estado de California, capta.org\u00a0contiene recursos de afiliaci\u00f3n y herramientas de promoci\u00f3n. Tambi\u00e9n en nuestro sitio web hay una lista de premios, programas de incentivos de membres\u00eda y de los beneficios actuales para los miembros.<\/p>\n","protected":false},"author":8,"featured_media":0,"parent":3063,"menu_order":0,"comment_status":"closed","ping_status":"closed","template":"","meta":{"footnotes":""},"class_list":["post-934","page","type-page","status-publish","hentry","entry"],"_links":{"self":[{"href":"https:\/\/toolkit.capta.org\/es\/wp-json\/wp\/v2\/pages\/934","targetHints":{"allow":["GET"]}}],"collection":[{"href":"https:\/\/toolkit.capta.org\/es\/wp-json\/wp\/v2\/pages"}],"about":[{"href":"https:\/\/toolkit.capta.org\/es\/wp-json\/wp\/v2\/types\/page"}],"author":[{"embeddable":true,"href":"https:\/\/toolkit.capta.org\/es\/wp-json\/wp\/v2\/users\/8"}],"replies":[{"embeddable":true,"href":"https:\/\/toolkit.capta.org\/es\/wp-json\/wp\/v2\/comments?post=934"}],"version-history":[{"count":2,"href":"https:\/\/toolkit.capta.org\/es\/wp-json\/wp\/v2\/pages\/934\/revisions"}],"predecessor-version":[{"id":11309,"href":"https:\/\/toolkit.capta.org\/es\/wp-json\/wp\/v2\/pages\/934\/revisions\/11309"}],"up":[{"embeddable":true,"href":"https:\/\/toolkit.capta.org\/es\/wp-json\/wp\/v2\/pages\/3063"}],"wp:attachment":[{"href":"https:\/\/toolkit.capta.org\/es\/wp-json\/wp\/v2\/media?parent=934"}],"curies":[{"name":"wp","href":"https:\/\/api.w.org\/{rel}","templated":true}]}}