{"id":936,"date":"2013-10-17T16:10:04","date_gmt":"2013-10-17T23:10:04","guid":{"rendered":"http:\/\/toolkit.capta.dev\/?page_id=936"},"modified":"2017-10-05T16:03:18","modified_gmt":"2017-10-05T23:03:18","slug":"involving-students","status":"publish","type":"page","link":"https:\/\/toolkit.capta.org\/es\/membership\/involving-students\/","title":{"rendered":"Participaci\u00f3n estudiantil"},"content":{"rendered":"<p>La participaci\u00f3n estudiantil es la inclusi\u00f3n activa y efectiva de los estudiantes de toda edad en el trabajo de la asociaci\u00f3n de la PTA\/PTSA. PTA del Estado de California invita y promueve la plena participaci\u00f3n en la PTA\/PTSA, liderazgo, planificaci\u00f3n, eventos y programas.<\/p>\n<p><strong>Comit\u00e9 de participaci\u00f3n estudiantil<\/strong><\/p>\n<p>La formaci\u00f3n de un comit\u00e9 para la participaci\u00f3n estudiantil con miembros tanto estudiantes como adultos genera y mantiene la participaci\u00f3n de los estudiantes afiliados. El trabajo del comit\u00e9 incluye:<\/p>\n<ul>\n<li>Hacer una encuesta de los estudiantes en la comunidad escolar con el fin de determinar qu\u00e9 tipo de actividades motivaran m\u00e1s participaci\u00f3n estudiantil.<\/li>\n<li>Desarrollar un plan y calendario basado en los resultados de la encuesta para planear actividades, eventos, programas que satisfagan las necesidades de los estudiantes y que promuevan m\u00e1s participaci\u00f3n estudiantil.<\/li>\n<li>Permitir que los estudiantes tengan una voz activa y que soliciten informaci\u00f3n y la opini\u00f3n de todos los estudiantes.<\/li>\n<li>Colaborar con los clubes escolares, las PTAs u organizaciones comunitarias para patrocinar en- conjunto, eventos, programas o actividades de inter\u00e9s e importancia para los estudiantes.<\/li>\n<\/ul>\n<p><strong>Derechos y responsabilidades de la afiliaci\u00f3n estudiantil<\/strong><\/p>\n<p>Los estudiantes, al pagar en su totalidad su cuota de membres\u00eda, tienen todos los privilegios y responsabilidades de ser miembro. Los estudiantes pueden servir en cualquier puesto en las oficinas de la PTA\/PTSA. Todos los funcionarios, adultos y estudiantes por igual, deben cumplir con las tareas de la oficina como se indica en las normas de funcionamiento.<\/p>\n<p><strong>Procedimientos de finanzas para estudiantes l\u00edderes<\/strong><\/p>\n<ul>\n<li><strong>Cuenta de Cheques<\/strong>\u00a0\u2013 Los estudiantes pueden ser designados a firmar los cheques de la PTA\/PTSA, siempre y cuando ellos hayan sido aprobados por la asociaci\u00f3n y que esto este archivado en las actas de la asociaci\u00f3n.<\/li>\n<li><strong>Contratos o procedimientos legalmente vinculantes u obligatorios<\/strong>\u00a0\u2013Todos los contratos o compromisos vinculantes de la asociaci\u00f3n deben siempre ser aprobados y votados por la asociaci\u00f3n de acuerdo a las normas de la PTA. Si un estudiante menor de 18 a\u00f1os es uno de los designados a firmar, la otra persona designada a firmar debe ser un adulto. (ver <a title=\"Contracts\" href=\"https:\/\/toolkit.capta.org\/es\/finance\/policies-and-procedures\/contracts\/\">Contratos<\/a>)<\/li>\n<\/ul>\n<p><strong>Cambios a las normas de funcionamiento para convertirse en una PTSA<\/strong><\/p>\n<ul>\n<li><strong>Normas de Funcionamiento<\/strong>\u00a0\u2013 Cuando se cambian las normas de funcionamiento para convertir a la unidad en una PTSA, se deben tomar provisiones para que por lo menos uno de los cargos de la mesa directiva sea llevado por un estudiante.<\/li>\n<li><strong>Estructura de Cuotas<\/strong>\u00a0\u2013 Si una PTA\/PTSA planea tener una estructura de cuotas separada para los estudiantes, las cuotas deben incluir el monto per c\u00e1pita requeridos para ser remitidos a trav\u00e9s de los canales al consejo, si est\u00e1 en consejo, a la PTA de distrito, a la PTA del Estado de California y la PTA Nacional.<\/li>\n<li><strong>Proceso de Nominaciones<\/strong>\u00a0\u2013 Para las PTSAs, por lo menos un estudiante debe ser miembro del comit\u00e9 de nominaciones elegido en una reuni\u00f3n de la asociaci\u00f3n. Cuando se considere a una persona a un cargo, hay que asegurarse de que esa persona comprende las responsabilidades del cargo.<\/li>\n<\/ul>\n","protected":false},"excerpt":{"rendered":"<p>La participaci\u00f3n estudiantil es la inclusi\u00f3n activa y efectiva de los estudiantes de toda edad en el trabajo de la asociaci\u00f3n de la PTA\/PTSA. PTA del Estado de California invita y promueve la plena participaci\u00f3n en la PTA\/PTSA, liderazgo, planificaci\u00f3n, eventos y programas. Comit\u00e9 de participaci\u00f3n estudiantil La formaci\u00f3n de un comit\u00e9 para la participaci\u00f3n [&hellip;]<\/p>\n","protected":false},"author":8,"featured_media":0,"parent":3063,"menu_order":0,"comment_status":"closed","ping_status":"closed","template":"","meta":{"footnotes":""},"class_list":["post-936","page","type-page","status-publish","hentry","entry"],"_links":{"self":[{"href":"https:\/\/toolkit.capta.org\/es\/wp-json\/wp\/v2\/pages\/936","targetHints":{"allow":["GET"]}}],"collection":[{"href":"https:\/\/toolkit.capta.org\/es\/wp-json\/wp\/v2\/pages"}],"about":[{"href":"https:\/\/toolkit.capta.org\/es\/wp-json\/wp\/v2\/types\/page"}],"author":[{"embeddable":true,"href":"https:\/\/toolkit.capta.org\/es\/wp-json\/wp\/v2\/users\/8"}],"replies":[{"embeddable":true,"href":"https:\/\/toolkit.capta.org\/es\/wp-json\/wp\/v2\/comments?post=936"}],"version-history":[{"count":1,"href":"https:\/\/toolkit.capta.org\/es\/wp-json\/wp\/v2\/pages\/936\/revisions"}],"predecessor-version":[{"id":8837,"href":"https:\/\/toolkit.capta.org\/es\/wp-json\/wp\/v2\/pages\/936\/revisions\/8837"}],"up":[{"embeddable":true,"href":"https:\/\/toolkit.capta.org\/es\/wp-json\/wp\/v2\/pages\/3063"}],"wp:attachment":[{"href":"https:\/\/toolkit.capta.org\/es\/wp-json\/wp\/v2\/media?parent=936"}],"curies":[{"name":"wp","href":"https:\/\/api.w.org\/{rel}","templated":true}]}}