{"id":948,"date":"2013-10-17T16:47:53","date_gmt":"2013-10-17T23:47:53","guid":{"rendered":"http:\/\/toolkit.capta.dev\/?page_id=948"},"modified":"2025-08-13T09:59:53","modified_gmt":"2025-08-13T16:59:53","slug":"bienvenido-a-la-nueva-guia-online","status":"publish","type":"page","link":"https:\/\/toolkit.capta.org\/es\/","title":{"rendered":"\u00a1Bienvenido a la nueva Carpeta de recursos en la Red!"},"content":{"rendered":"<p>La <em>Carpeta de Recursos<\/em> de la PTA del Estado de California provee orientaci\u00f3n, instrucci\u00f3n e ideas para asegurar un t\u00e9rmino exitoso como oficial o presidente de la PTA. Usted descubrir\u00e1 informaci\u00f3n valiosa para ayudar a su PTA\/PTSA con el trabajo importante que usted hace en nombre de todos los ni\u00f1os, j\u00f3venes y familias<\/p>\n<p>Nuestra <em>Carpeta de Recursos<\/em> en l\u00ednea incluye los cap\u00edtulos y toda informaci\u00f3n en un formato m\u00e1s f\u00e1cil para acceso r\u00e1pido. Haga clic en los men\u00fas desplegables para buscar temas clave, utilice la herramienta de b\u00fasqueda, o vea la tabla de contenido con m\u00e1s detalles sobre cada secci\u00f3n para buscar la informaci\u00f3n que le interesa. Tambi\u00e9n puede \u00abalternar\u00bb entre las versiones en ingl\u00e9s y espa\u00f1ol as\u00ed como descargar e imprimir ciertas p\u00e1ginas, cap\u00edtulos, o toda la <em>Carpeta de Recursos<\/em>.<\/p>\n<p>La <em>Carpeta de Recursos<\/em> refleja el duro trabajo y el esfuerzo de la Mesa Directiva de la PTA del Estado California de crear el mejor recurso posible para usted. Se basa en m\u00e1s de 100 a\u00f1os de mejores y recomendadas pr\u00e1cticas de todas las PTAs de nuestro estado. Respuestas a muchas de sus preguntas e inquietudes se encuentran aqu\u00ed en un solo lugar. Recuerde, si no puede encontrar la respuesta y\/o informaci\u00f3n en la <em>Carpeta de Recursos<\/em>, usted siempre puede contar con la red de ayuda de la PTA de su consejo, distrito o estado. No dude en ponerse en contacto con ellos.<\/p>\n<p><strong>Nosotros revisamos\/estudiamos la <em>Carpeta de Recursos<\/em> de manera continua tras su adopci\u00f3n por la Junta de Gerentes. Usted puede encontrar una lista r\u00e1pida de cambios haciendo clic en el enlace Lista de actualizaciones recientes en el margen derecho.<\/strong><\/p>\n<p><strong>\u00a1Gracias por todo su trabajo! Ustedes son una parte valiosa de nuestra asociaci\u00f3n y espero trabajar con ustedes\u00a0 Hoy, Ma\u00f1ana, <em>Juntos<\/em>.<\/strong><\/p>\n<p>Sinceramente,<br \/>\nHeather Ippolito<br \/>\nPresidenta<\/p>\n<p><a href=\"http:\/\/capta.org\/about\/our-team\/board-of-directors\/\" target=\"_blank\" rel=\"noopener noreferrer\">Junta directiva de la PTA de California de 2025-2027<br \/>\n<\/a><a href=\"https:\/\/capta.org\/pta-leaders\/summer-mailer\/2025-26-leadership-calendar\/\">Lista de fechas l\u00edmite<\/a><br \/>\n<a href=\"https:\/\/capta.org\/programs-events\/\">Calendario de eventos de la PTA<br \/>\n<\/a><a href=\"http:\/\/downloads.capta.org\/sm\/listofMaterials.pdf\" target=\"_blank\" rel=\"noopener noreferrer\">Lista de materiales de la PTA<\/a> (pdf)<a href=\"http:\/\/toolkit.capta.org\/resources-and-subscriptions\/\"><br \/>\n<\/a><a href=\"https:\/\/toolkit.capta.org\/es\/resources-and-subscriptions\/\">Recursos y Suscripciones<\/a><\/p>\n","protected":false},"excerpt":{"rendered":"<p>La Carpeta de Recursos de la PTA del Estado de California provee orientaci\u00f3n, instrucci\u00f3n e ideas para asegurar un t\u00e9rmino exitoso como oficial o presidente de la PTA. Usted descubrir\u00e1 informaci\u00f3n valiosa para ayudar a su PTA\/PTSA con el trabajo importante que usted hace en nombre de todos los ni\u00f1os, j\u00f3venes y familias Nuestra Carpeta [&hellip;]<\/p>\n","protected":false},"author":8,"featured_media":0,"parent":0,"menu_order":0,"comment_status":"closed","ping_status":"closed","template":"","meta":{"footnotes":""},"class_list":["post-948","page","type-page","status-publish","hentry","entry"],"_links":{"self":[{"href":"https:\/\/toolkit.capta.org\/es\/wp-json\/wp\/v2\/pages\/948","targetHints":{"allow":["GET"]}}],"collection":[{"href":"https:\/\/toolkit.capta.org\/es\/wp-json\/wp\/v2\/pages"}],"about":[{"href":"https:\/\/toolkit.capta.org\/es\/wp-json\/wp\/v2\/types\/page"}],"author":[{"embeddable":true,"href":"https:\/\/toolkit.capta.org\/es\/wp-json\/wp\/v2\/users\/8"}],"replies":[{"embeddable":true,"href":"https:\/\/toolkit.capta.org\/es\/wp-json\/wp\/v2\/comments?post=948"}],"version-history":[{"count":6,"href":"https:\/\/toolkit.capta.org\/es\/wp-json\/wp\/v2\/pages\/948\/revisions"}],"predecessor-version":[{"id":12022,"href":"https:\/\/toolkit.capta.org\/es\/wp-json\/wp\/v2\/pages\/948\/revisions\/12022"}],"wp:attachment":[{"href":"https:\/\/toolkit.capta.org\/es\/wp-json\/wp\/v2\/media?parent=948"}],"curies":[{"name":"wp","href":"https:\/\/api.w.org\/{rel}","templated":true}]}}