{"id":9648,"date":"2018-12-12T13:33:29","date_gmt":"2018-12-12T21:33:29","guid":{"rendered":"http:\/\/toolkit.capta.org\/?page_id=9648"},"modified":"2018-12-12T13:33:29","modified_gmt":"2018-12-12T21:33:29","slug":"bebidas-azucaras","status":"publish","type":"page","link":"https:\/\/toolkit.capta.org\/es\/bebidas-azucaras\/","title":{"rendered":"Bebidas Azucaras"},"content":{"rendered":"<p style=\"text-align: center;\"><em>Adoptado en Noviembre 2018 &#8211; Comisi\u00f3n de Salud y Asuntos Comunitarios<\/em><\/p>\n<p>La mayor cantidad de az\u00facar en la dieta Estadounidense proviene de las bebidas azucaradas. Las bebidas azucaradas, que incluyen refrescos, bebidas deportivas, refrescos y ponches de frutas, se han convertido en parte de una dieta regular para millones de personas.<\/p>\n<p>Seg\u00fan los Centros para el Control y la Prevenci\u00f3n de Enfermedades (CDC), m\u00e1s del sesenta por ciento de los adolescentes toman al menos una bebida azucarada al d\u00eda. Beber dos o m\u00e1s bebidas azucaradas por d\u00eda resulta ser cuatro veces m\u00e1s susceptible a tener niveles altos de triglic\u00e9ridos. Muchas personas beben m\u00e1s de tres de estas bebidas al d\u00eda, lo que puede llevar a resultados poco saludables.<\/p>\n<p>Beber grandes cantidades de bebidas azucaradas puede provocar graves problemas de salud.<\/p>\n<ul>\n<li>Las bebidas azucaradas se asocian significativamente con el aumento de peso y la obesidad.<\/li>\n<li>El riesgo de que un ni\u00f1o se vuelva obeso aumenta en un 60% con cada bebida azucarada adicional que se consume diariamente.<\/li>\n<li>Las bebidas azucaradas aumentan el riesgo de desarrollar diabetes tipo 2, enfermedades card\u00edacas y gota.<\/li>\n<li>Para los ni\u00f1os, beber bebidas azucaradas casi duplica el riesgo de caries dentales.<\/li>\n<li>Solo una botella de 20 onzas de una bebida azucarada por d\u00eda puede resultar en un aumento de 25 libras adicionales por a\u00f1o.<\/li>\n<li>\u00a0Los costos de salud de la obesidad en los Estados Unidos superan los $100 mil millones anualmente.<\/li>\n<\/ul>\n<p>Los estudios de la Asociaci\u00f3n Americana de Salud P\u00fablica proporcionan evidencia clara y consistente de que las personas no reducen la cantidad de calor\u00edas en otros alimentos para compensar por las calor\u00edas adicionales que consumen en los refrescos. Las compa\u00f1\u00edas de bebidas gastan mucho dinero en convertir sus productos en nombres familiares.<\/p>\n<ul>\n<li>El consumo de bebidas carbonatadas por parte de los j\u00f3venes aumenta en casi un 10% por cada 100 anuncios de televisi\u00f3n adicionales que ven.<\/li>\n<li>La industria de bebidas atrae desproporcionadamente su comercializaci\u00f3n de bebidas azucaradas a j\u00f3venes, personas de bajos ingresos y personas de color.<\/li>\n<li>Los ni\u00f1os y adolescentes Afroamericanos vieron m\u00e1s del doble de anuncios de televisi\u00f3n de bebidas azucaradas que sus compa\u00f1eros de raza blanca.<\/li>\n<li>Los Estadounidenses de origen Hispano tienen un 20% m\u00e1s de probabilidades de ser obesos que los Estadounidenses de raza blanca y un 50% m\u00e1s de probabilidades de morir a causa de la diabetes.<\/li>\n<\/ul>\n<p>La PTA del Estado de California urge a los padres a:<\/p>\n<ul>\n<li>Pedir a los restaurantes que eliminen los refrescos de los men\u00fas infantiles, que el\u00a0 agua o la leche sea la \u00fanica bebida.<\/li>\n<li>Apoyar las etiquetas de advertencia en las bebidas azucaradas.<\/li>\n<\/ul>\n<p>La PTA del Estado de California apoya la legislaci\u00f3n para reducir el uso de bebidas azucaradas. Se ha comprobado que los impuestos razonables a las gaseosas son eficaces para reducir dr\u00e1sticamente el consumo de bebidas azucaradas, lo que lleva a mejorar la salud p\u00fablica, especialmente entre los ni\u00f1os.<\/p>\n<p>La PTA del Estado de California urge a los padres abogar para que las ciudades, los estados y el Congreso legislen para reducir el consumo de bebidas azucaradas.<\/p>\n","protected":false},"excerpt":{"rendered":"<p>Adoptado en Noviembre 2018 &#8211; Comisi\u00f3n de Salud y Asuntos Comunitarios La mayor cantidad de az\u00facar en la dieta Estadounidense proviene de las bebidas azucaradas. Las bebidas azucaradas, que incluyen refrescos, bebidas deportivas, refrescos y ponches de frutas, se han convertido en parte de una dieta regular para millones de personas. Seg\u00fan los Centros para [&hellip;]<\/p>\n","protected":false},"author":8,"featured_media":0,"parent":0,"menu_order":0,"comment_status":"closed","ping_status":"closed","template":"","meta":{"footnotes":""},"class_list":["post-9648","page","type-page","status-publish","hentry","entry"],"_links":{"self":[{"href":"https:\/\/toolkit.capta.org\/es\/wp-json\/wp\/v2\/pages\/9648","targetHints":{"allow":["GET"]}}],"collection":[{"href":"https:\/\/toolkit.capta.org\/es\/wp-json\/wp\/v2\/pages"}],"about":[{"href":"https:\/\/toolkit.capta.org\/es\/wp-json\/wp\/v2\/types\/page"}],"author":[{"embeddable":true,"href":"https:\/\/toolkit.capta.org\/es\/wp-json\/wp\/v2\/users\/8"}],"replies":[{"embeddable":true,"href":"https:\/\/toolkit.capta.org\/es\/wp-json\/wp\/v2\/comments?post=9648"}],"version-history":[{"count":1,"href":"https:\/\/toolkit.capta.org\/es\/wp-json\/wp\/v2\/pages\/9648\/revisions"}],"predecessor-version":[{"id":9649,"href":"https:\/\/toolkit.capta.org\/es\/wp-json\/wp\/v2\/pages\/9648\/revisions\/9649"}],"wp:attachment":[{"href":"https:\/\/toolkit.capta.org\/es\/wp-json\/wp\/v2\/media?parent=9648"}],"curies":[{"name":"wp","href":"https:\/\/api.w.org\/{rel}","templated":true}]}}