{"id":9651,"date":"2018-12-12T13:40:30","date_gmt":"2018-12-12T21:40:30","guid":{"rendered":"http:\/\/toolkit.capta.org\/?page_id=9651"},"modified":"2025-06-24T12:03:08","modified_gmt":"2025-06-24T19:03:08","slug":"agua-potable-segura-en-las-escuelas","status":"publish","type":"page","link":"https:\/\/toolkit.capta.org\/es\/advocacy\/position-statements\/agua-potable-segura-en-las-escuelas\/","title":{"rendered":"Agua Potable Segura en las Escuelas"},"content":{"rendered":"<p style=\"text-align: center;\"><em>Adoptado en Octubre\u00a0 2018 &#8211; Revisada y considerada relevante en agosto de 2023<\/em><\/p>\n<p>La PTA del Estado de California cree que el acceso al agua potable es fundamental para la salud de los estudiantes y la habilidad de aprender. Los estudios demuestran que una hidrataci\u00f3n adecuada mejora la cognici\u00f3n, aumenta la atenci\u00f3n, e incluso puede mejorar los resultados de los ex\u00e1menes de los estudiantes. Permite a los \u00f3rganos y sistemas del cuerpo rendir al m\u00e1ximo. El agua sirve para enjuagar la boca y, cuando esta tratada con fl\u00faor, ayuda el esmalte dental.<\/p>\n<p>La mayor parte del agua potable en California cumple con los requisitos de salud y seguridad. Las fuentes de agua potable est\u00e1n sujetas a contaminaci\u00f3n y requieren un tratamiento adecuado para eliminar los contaminantes que causan enfermedades. La contaminaci\u00f3n de los suministros de agua potable puede ocurrir en la fuente de agua, as\u00ed como en el sistema de distribuci\u00f3n despu\u00e9s de que el tratamiento del agua ya haya ocurrido. Existen muchas fuentes de contaminaci\u00f3n del agua, incluyendo qu\u00edmicos y minerales naturales (por ejemplo, ars\u00e9nico, rad\u00f3n, uranio), pr\u00e1cticas locales de uso de la tierra (fertilizantes, pesticidas, operaciones concentradas de ganado), procesos de manufactura y desbordamientos de drenajes o el desecho de aguas residuales.<\/p>\n<p>La presencia de contaminantes en el agua puede provocar efectos adversos para la salud, como enfermedades gastrointestinales, problemas reproductivos y trastornos neurol\u00f3gicos. Los beb\u00e9s, los ni\u00f1os peque\u00f1os, las mujeres embarazadas, los ancianos y las personas cuyo sistema inmunol\u00f3gico est\u00e1 m\u00e1s d\u00e9bil pueden ser especialmente susceptibles a la enfermedad de algunos contaminantes.<\/p>\n<p>Un contaminante, el plomo, rara vez ocurre de manera natural en las fuentes de agua potable de California, pero puede estar presente cuando el agua pasa \u00a0por plomer\u00eda antiguas o tuber\u00eda con soldaduras que contienen plomo.<\/p>\n<ul>\n<li>El agua se puede contaminar el suministro de agua principal, en las l\u00edneas de servicio y las tuber\u00edas del edificio, donde sea que est\u00e9 expuesta al plomo.<\/li>\n<li>El agua que esta \u00abestancada\u00bb en las tuber\u00edas que contienen plomo mantendr\u00e1 el plomo en suspensi\u00f3n.<\/li>\n<li>Si las tuber\u00edas o v\u00e1lvulas que contienen plomo est\u00e1n corro\u00eddos, pueden producir peque\u00f1as part\u00edculas de plomo en el agua.<\/li>\n<li>Los servicios p\u00fablicos tratan el agua para minimizar la corrosi\u00f3n de la l\u00ednea principal y tuber\u00edas de agua, pero esto no siempre es efectivo.<\/li>\n<li>Las regulaciones han reducido progresivamente la cantidad de plomo que es permitido en la plomer\u00eda. Sin embargo, en las escuelas m\u00e1s antiguas, el plomo en la plomer\u00eda a menudo todav\u00eda est\u00e1 presente.<\/li>\n<\/ul>\n<p>El plomo es una toxina que es perjudicial para la salud y el bienestar. Los Centros para el Control y Prevenci\u00f3n de Enfermedades (CDC) informan que la exposici\u00f3n al plomo puede afectar a casi todos los sistemas del cuerpo. Es importante reducir todas las exposiciones al plomo, incluso en el agua para beber y cocinar. Los efectos de la exposici\u00f3n al plomo no se pueden corregir.<\/p>\n<ul>\n<li>Se ha demostrado que incluso los niveles bajos de plomo en la sangre afectan las capacidades cognitivas, la capacidad de prestar atenci\u00f3n y el rendimiento acad\u00e9mico.<\/li>\n<li>En niveles altos, puede da\u00f1ar la salud reproductiva y de otros \u00f3rganos.<\/li>\n<li>Cuando los ni\u00f1os tienen niveles elevados de plomo en la sangre, la fuente suele ser plomo en polvo, tierra o pintura vieja.<\/li>\n<\/ul>\n<p>California regula el agua potable y establece Niveles M\u00e1ximos de Contaminantes (MCL)\u00a0 a una lista de contaminantes de agua conocidos. Tambi\u00e9n identifica las Metas de Salud P\u00fablica que identifican niveles de concentraci\u00f3n que no representan riesgos significativos para la salud si se consumen de por vida. Los requisitos de informar y de MCL est\u00e1n establecidos para los proveedores de agua locales en todo el estado.<\/p>\n<p>Se requiere que cada escuela p\u00fablica de California brinde a sus estudiantes acceso a agua potable de calidad. Para lograr este objetivo, la PTA del Estado de California cree que el agua potable en las escuelas debe someterse a un an\u00e1lisis continuo de contaminantes que son perjudiciales para la salud y el bienestar de los estudiantes. Creemos que el Estado de California tiene la responsabilidad de establecer niveles m\u00e1ximos contaminantes de concentraci\u00f3n iguales a las Metas de Salud P\u00fablica.<\/p>\n<p>Los distritos escolares deben recibir recursos financieros e informaci\u00f3n para evaluar y mejorar la calidad del agua en las escuelas. La PTA del Estado de California apoya los esfuerzos del gobierno estatal y local y las iniciativas de financiaci\u00f3n para garantizar la disponibilidad de agua potable segura en las comunidades y en los campus escolares.<\/p>\n","protected":false},"excerpt":{"rendered":"<p>Adoptado en Octubre\u00a0 2018 &#8211; Revisada y considerada relevante en agosto de 2023 La PTA del Estado de California cree que el acceso al agua potable es fundamental para la salud de los estudiantes y la habilidad de aprender. Los estudios demuestran que una hidrataci\u00f3n adecuada mejora la cognici\u00f3n, aumenta la atenci\u00f3n, e incluso puede [&hellip;]<\/p>\n","protected":false},"author":8,"featured_media":0,"parent":4492,"menu_order":0,"comment_status":"closed","ping_status":"closed","template":"","meta":{"footnotes":""},"class_list":["post-9651","page","type-page","status-publish","hentry","entry"],"_links":{"self":[{"href":"https:\/\/toolkit.capta.org\/es\/wp-json\/wp\/v2\/pages\/9651","targetHints":{"allow":["GET"]}}],"collection":[{"href":"https:\/\/toolkit.capta.org\/es\/wp-json\/wp\/v2\/pages"}],"about":[{"href":"https:\/\/toolkit.capta.org\/es\/wp-json\/wp\/v2\/types\/page"}],"author":[{"embeddable":true,"href":"https:\/\/toolkit.capta.org\/es\/wp-json\/wp\/v2\/users\/8"}],"replies":[{"embeddable":true,"href":"https:\/\/toolkit.capta.org\/es\/wp-json\/wp\/v2\/comments?post=9651"}],"version-history":[{"count":2,"href":"https:\/\/toolkit.capta.org\/es\/wp-json\/wp\/v2\/pages\/9651\/revisions"}],"predecessor-version":[{"id":11830,"href":"https:\/\/toolkit.capta.org\/es\/wp-json\/wp\/v2\/pages\/9651\/revisions\/11830"}],"up":[{"embeddable":true,"href":"https:\/\/toolkit.capta.org\/es\/wp-json\/wp\/v2\/pages\/4492"}],"wp:attachment":[{"href":"https:\/\/toolkit.capta.org\/es\/wp-json\/wp\/v2\/media?parent=9651"}],"curies":[{"name":"wp","href":"https:\/\/api.w.org\/{rel}","templated":true}]}}