{"id":9674,"date":"2018-12-12T17:40:50","date_gmt":"2018-12-13T01:40:50","guid":{"rendered":"http:\/\/toolkit.capta.org\/?page_id=9674"},"modified":"2018-12-12T17:41:00","modified_gmt":"2018-12-13T01:41:00","slug":"programa-de-membresia-electronica-de-la-pta-del-estado-de-california","status":"publish","type":"page","link":"https:\/\/toolkit.capta.org\/es\/programa-de-membresia-electronica-de-la-pta-del-estado-de-california\/","title":{"rendered":"Programa de Membres\u00eda Electr\u00f3nica de la PTA del Estado de California"},"content":{"rendered":"<p>Las unidades de la PTA pueden inscribirse para participar en el programa de membres\u00eda en l\u00ednea de la PTA del Estado de California que sirve como otro medio para alentar a las personas a unirse a su PTA. El programa no pretende reemplazar las campa\u00f1as \/ programas de membres\u00eda tradicionales; se pretende que sea otra alternativa. La inscripci\u00f3n es opcional y requiere el registro del distrito y el consejo, as\u00ed como de la unidad.<\/p>\n<p>Las caracter\u00edsticas del programa de membres\u00eda electr\u00f3nica incluyen:<\/p>\n<ul>\n<li>La habilidad de unir m\u00faltiples unidades a la vez.<\/li>\n<li>Los miembros pueden optar por renovar su membres\u00eda autom\u00e1ticamente.<\/li>\n<li>Las donaciones se pueden recibir a trav\u00e9s del programa de membres\u00eda Electr\u00f3nica<\/li>\n<li>No hay costo a las unidades por cuotas de membres\u00edas cobradas<\/li>\n<li>No es necesario remitir las cuotas de membres\u00eda al Estado; todo el dinero se env\u00eda directamente a la unidad, consejo, distrito y estado<\/li>\n<li>Los informes de contabilidad y conciliaci\u00f3n est\u00e1n disponibles para ayudar a mantener los registros financieros.<\/li>\n<li>Se recomienda una cuenta bancaria por separado, pero no es obligatorio.<\/li>\n<\/ul>\n<p>Para m\u00e1s informaci\u00f3n vea <a href=\"https:\/\/capta.org\/join\/\">capta.org\/join<\/a><\/p>\n","protected":false},"excerpt":{"rendered":"<p>Las unidades de la PTA pueden inscribirse para participar en el programa de membres\u00eda en l\u00ednea de la PTA del Estado de California que sirve como otro medio para alentar a las personas a unirse a su PTA. El programa no pretende reemplazar las campa\u00f1as \/ programas de membres\u00eda tradicionales; se pretende que sea otra [&hellip;]<\/p>\n","protected":false},"author":8,"featured_media":0,"parent":0,"menu_order":0,"comment_status":"closed","ping_status":"closed","template":"","meta":{"footnotes":""},"class_list":["post-9674","page","type-page","status-publish","hentry","entry"],"_links":{"self":[{"href":"https:\/\/toolkit.capta.org\/es\/wp-json\/wp\/v2\/pages\/9674","targetHints":{"allow":["GET"]}}],"collection":[{"href":"https:\/\/toolkit.capta.org\/es\/wp-json\/wp\/v2\/pages"}],"about":[{"href":"https:\/\/toolkit.capta.org\/es\/wp-json\/wp\/v2\/types\/page"}],"author":[{"embeddable":true,"href":"https:\/\/toolkit.capta.org\/es\/wp-json\/wp\/v2\/users\/8"}],"replies":[{"embeddable":true,"href":"https:\/\/toolkit.capta.org\/es\/wp-json\/wp\/v2\/comments?post=9674"}],"version-history":[{"count":1,"href":"https:\/\/toolkit.capta.org\/es\/wp-json\/wp\/v2\/pages\/9674\/revisions"}],"predecessor-version":[{"id":9675,"href":"https:\/\/toolkit.capta.org\/es\/wp-json\/wp\/v2\/pages\/9674\/revisions\/9675"}],"wp:attachment":[{"href":"https:\/\/toolkit.capta.org\/es\/wp-json\/wp\/v2\/media?parent=9674"}],"curies":[{"name":"wp","href":"https:\/\/api.w.org\/{rel}","templated":true}]}}