{"id":9972,"date":"2019-07-01T14:17:42","date_gmt":"2019-07-01T21:17:42","guid":{"rendered":"http:\/\/toolkit.capta.org\/?page_id=9972"},"modified":"2019-07-01T14:27:07","modified_gmt":"2019-07-01T21:27:07","slug":"basic-policies-and-principles-of-pta","status":"publish","type":"page","link":"https:\/\/toolkit.capta.org\/es\/running-your-pta\/planning-organizing\/basic-policies-and-principles-of-pta\/","title":{"rendered":"Pol\u00edticas y Principios B\u00e1sicos de la PTA"},"content":{"rendered":"<p>Las pol\u00edticas y los principios b\u00e1sicos de la PTA identifican nuestro enfoque principal como una organizaci\u00f3n sin fines de lucro, 501 (c) (3) y nuestros valores fundamentales como una voz por los ni\u00f1os. Estos incluyen que:<\/p>\n<ol>\n<li>La organizaci\u00f3n debe ser no comercial, no sectaria y no partidista.<\/li>\n<li>La organizaci\u00f3n debe trabajar para involucrar y empoderar a los ni\u00f1os, familias y educadores dentro de las escuelas y las comunidades para brindar una educaci\u00f3n de calidad para todos los ni\u00f1os y j\u00f3venes, y debe tratar de participar en el proceso de decisiones influyendo en la pol\u00edtica escolar y abogando por asuntos de los ni\u00f1os, reconociendo que la responsabilidad legal de tomar decisiones ha sido delegada por la gente a juntas de educaci\u00f3n, autoridades estatales y autoridades locales de educaci\u00f3n.<\/li>\n<li>La organizaci\u00f3n debe trabajar para promover la salud y el bienestar de los ni\u00f1os y j\u00f3venes, y debe buscar promover la colaboraci\u00f3n entre los padres, las escuelas y la comunidad en general.<\/li>\n<li>El compromiso con la inclusi\u00f3n y la equidad, el conocimiento de la PTA y la experiencia profesional ser\u00e1n principios rectores para el servicio en esta organizaci\u00f3n.<\/li>\n<\/ol>\n<p>Seguir estas pol\u00edticas y principios b\u00e1sicos es una de las principales responsabilidades de un l\u00edder administrar la PTA.<\/p>\n","protected":false},"excerpt":{"rendered":"<p>Las pol\u00edticas y los principios b\u00e1sicos de la PTA identifican nuestro enfoque principal como una organizaci\u00f3n sin fines de lucro, 501 (c) (3) y nuestros valores fundamentales como una voz por los ni\u00f1os. Estos incluyen que: La organizaci\u00f3n debe ser no comercial, no sectaria y no partidista. La organizaci\u00f3n debe trabajar para involucrar y empoderar [&hellip;]<\/p>\n","protected":false},"author":8,"featured_media":0,"parent":4983,"menu_order":0,"comment_status":"closed","ping_status":"closed","template":"","meta":{"footnotes":""},"class_list":["post-9972","page","type-page","status-publish","hentry","entry"],"_links":{"self":[{"href":"https:\/\/toolkit.capta.org\/es\/wp-json\/wp\/v2\/pages\/9972","targetHints":{"allow":["GET"]}}],"collection":[{"href":"https:\/\/toolkit.capta.org\/es\/wp-json\/wp\/v2\/pages"}],"about":[{"href":"https:\/\/toolkit.capta.org\/es\/wp-json\/wp\/v2\/types\/page"}],"author":[{"embeddable":true,"href":"https:\/\/toolkit.capta.org\/es\/wp-json\/wp\/v2\/users\/8"}],"replies":[{"embeddable":true,"href":"https:\/\/toolkit.capta.org\/es\/wp-json\/wp\/v2\/comments?post=9972"}],"version-history":[{"count":2,"href":"https:\/\/toolkit.capta.org\/es\/wp-json\/wp\/v2\/pages\/9972\/revisions"}],"predecessor-version":[{"id":9974,"href":"https:\/\/toolkit.capta.org\/es\/wp-json\/wp\/v2\/pages\/9972\/revisions\/9974"}],"up":[{"embeddable":true,"href":"https:\/\/toolkit.capta.org\/es\/wp-json\/wp\/v2\/pages\/4983"}],"wp:attachment":[{"href":"https:\/\/toolkit.capta.org\/es\/wp-json\/wp\/v2\/media?parent=9972"}],"curies":[{"name":"wp","href":"https:\/\/api.w.org\/{rel}","templated":true}]}}